{"id":103,"date":"2018-01-15T21:10:29","date_gmt":"2018-01-15T21:10:29","guid":{"rendered":"http:\/\/www.groupehage.bf\/?page_id=103"},"modified":"2025-11-14T07:16:13","modified_gmt":"2025-11-14T07:16:13","slug":"gecibat","status":"publish","type":"page","link":"http:\/\/www.groupehage.bf\/?page_id=103","title":{"rendered":"GECIBAT"},"content":{"rendered":"<p><img decoding=\"async\" class=\"alignnone size-full wp-image-56\" src=\"http:\/\/www.groupehage.bf-content\/uploads\/2018\/01\/t\u00e9l\u00e9chargement-8.png\" alt=\"\" width=\"217\" height=\"51\" \/><\/p>\n<p>&nbsp;<\/p>\n<p><strong>PRESENTATION<\/strong><\/p>\n<p><img decoding=\"async\" class=\"size-full wp-image-55 alignleft\" src=\"http:\/\/www.groupehage.bf-content\/uploads\/2018\/01\/logo_gecibat.jpg\" alt=\"\" width=\"243\" height=\"75\" \/>La soci\u00e9t\u00e9 G\u00e9nie Civil et B\u00e2timents, en abr\u00e9g\u00e9e \u00abGE.CI.BAT.SA\u00bb, a \u00e9t\u00e9 cr\u00e9\u00e9e en 2007.\nElle est une soci\u00e9t\u00e9 anonyme avec Conseil d\u2019Administration au capital de 200 000 000 FCFA dont le si\u00e8ge est sis 708, rue 25.201, dans la zone industrielle de Kossodo.<\/p>\n<p>DOMAINES D\u2019ACTIVITES<\/p>\n<p>GE.CI.BAT.SA se fixe pour objectifs, d\u2019\u00e9voluer dans l\u2019acte de b\u00e2tir, d\u2019am\u00e9nager des espaces, de construire et\/ou d\u2019entretenir des pistes, routes et toutes voies de d\u00e9senclavement.\nGE.CI.BAT.SA vous sp\u00e9cifie \u00e9galement ses capacit\u00e9s \u00e0 vous fournir des mat\u00e9riels et mat\u00e9riaux de construction \u00e0 savoir : les agglos toutes dimensions, les ouvertures toutes cat\u00e9gories (aluminium, fer, bois, PVC), climatiseurs, ascenseurs, peinture, vitres, t\u00f4les etc.<\/p>\n<p>MOYENS LOGISTIQUES<\/p>\n<p>Notre force r\u00e9side dans nos moyens techniques et notre organisation.\nGE.CI.BAT.SA, n\u2019a m\u00e9nag\u00e9 aucun effort pour se doter d\u2019un personnel p\u00e9trie d\u2019exp\u00e9rience, de savoir faire et surtout de bonne volont\u00e9 d\u2019ex\u00e9cuter un travail emprunt de professionnalisme et de rigueur.<\/p>\n<p>Mat\u00e9riels Topographiques\nGE.CI.BAT.SA dispose d\u2019\u00e9quipements tr\u00e8s modernes pour les mesures altim\u00e9triques tr\u00e8s pr\u00e9cises, de logiciels de suivi de chantiers mis \u00e0 jours p\u00e9riodiquement.<\/p>\n<p>Equipements Lourds\nGE.CI.BAT.SA dispose d\u2019un parc d\u2019engins destin\u00e9s aux travaux de g\u00e9nie civil, de construction de route, de terrassement, de d\u00e9molition et de manutention tels : bulls, niveleuses, chargeurs, compacteurs, grues, camions, porte chars, citernes \u00e0 eau et \u00e0 carburant, b\u00e9tonni\u00e8res, groupes \u00e9lectrog\u00e8nes, dumpers, gravillonneurs, bouilles, excavateurs.<\/p>\n<p>MOYENS FINANCIERS<\/p>\n<p>GE.CI.BAT.SA marque la diff\u00e9rence par la mise en place d\u2019un syst\u00e8me de mobilisation de moyens financiers cons\u00e9quents pour l\u2019ex\u00e9cution de ses chantiers afin d\u2019\u00e9viter les blocages et l\u2019inex\u00e9cution des travaux \u00e0 lui confi\u00e9s par la client\u00e8le.<\/p>\n<p>PLUSIEURS RAISONS DE CHOISIR GE.CI.BAT.SA<\/p>\n<p>Pour son engagement total au service de sa client\u00e8le ;\nLa disponibilit\u00e9 des mat\u00e9riaux ;\nSa capacit\u00e9 innovatrice dans la mise en \u0153uvre des projets de construction ;\nL\u2019exp\u00e9rience tr\u00e8s avis\u00e9e du personnel, toutes choses entrainant des r\u00e9ductions de d\u00e9lais ;\nR\u00e9alisation d\u2019\u00e9conomie pour le promoteur qui dispose plus t\u00f4t de son infrastructure pour son usage ;\nR\u00e9alisation d\u2019\u00e9conomie sur les fluctuations dues aux hausses des prix ;\nAvantages compar\u00e9s et certains du prix de revient quant aux autres entit\u00e9s du genre \u00e9voluant sur la place du march\u00e9 ;\nL\u2019engagement de vous guider dans votre choix ;\nDes m\u00e9thodes rigoureuses dans le choix des mat\u00e9riels et mat\u00e9riaux pour aboutir au juste prix.<\/p>\n<p>PUBLIC CIBLE<\/p>\n<p>GE.CI.BAT.SA propose ses services \u00e0 toutes personnes physiques ou morales (Minist\u00e8res, Institutions, Ambassades, Organismes Internationaux, ONG, Soci\u00e9t\u00e9s, Mairies, Associations, Particuliers, Clubs\u2026)\n\u00abClient\u00e8le du Burkina et de la diaspora, GE.CI.BAT.SA vous accompagnera dans la r\u00e9alisation au mieux de vos objectifs \u00e0 travers l\u2019\u00e9tude-conseil, la r\u00e9alisation et l\u2019entretien de vos infrastructures vari\u00e9es r\u00e9pondant \u00e0 tous les usages. \u00bb<\/p>\n<p>&nbsp;<\/p>\n","protected":false},"excerpt":{"rendered":"<p>&nbsp; PRESENTATION La soci\u00e9t\u00e9 G\u00e9nie Civil et B\u00e2timents, en abr\u00e9g\u00e9e \u00abGE.CI.BAT.SA\u00bb, a \u00e9t\u00e9 cr\u00e9\u00e9e en 2007. Elle est une soci\u00e9t\u00e9 anonyme avec Conseil d\u2019Administration au capital de 200 000 000 FCFA dont le si\u00e8ge est sis 708, rue 25.201, dans la zone industrielle de Kossodo. DOMAINES D\u2019ACTIVITES GE.CI.BAT.SA se fixe pour objectifs, d\u2019\u00e9voluer dans l\u2019acte de b\u00e2tir, d\u2019am\u00e9nager des espaces, de construire et\/ou d\u2019entretenir des pistes, routes et toutes voies de d\u00e9senclavement. GE.CI.BAT.SA vous sp\u00e9cifie \u00e9galement ses capacit\u00e9s \u00e0 vous fournir des mat\u00e9riels et mat\u00e9riaux de construction \u00e0 savoir : les agglos toutes dimensions, les ouvertures toutes cat\u00e9gories (aluminium, fer, bois, PVC), climatiseurs, ascenseurs, peinture, vitres, t\u00f4les etc. MOYENS LOGISTIQUES Notre force r\u00e9side dans nos moyens techniques et notre organisation. GE.CI.BAT.SA, n\u2019a m\u00e9nag\u00e9 aucun effort pour se doter d\u2019un personnel p\u00e9trie d\u2019exp\u00e9rience, de savoir faire et surtout de bonne volont\u00e9 d\u2019ex\u00e9cuter un travail emprunt de professionnalisme et de rigueur. Mat\u00e9riels Topographiques GE.CI.BAT.SA dispose d\u2019\u00e9quipements tr\u00e8s modernes pour les mesures altim\u00e9triques tr\u00e8s pr\u00e9cises, de logiciels de suivi de chantiers mis \u00e0 jours p\u00e9riodiquement. Equipements Lourds GE.CI.BAT.SA dispose d\u2019un parc d\u2019engins destin\u00e9s aux travaux de g\u00e9nie civil, de construction de route, de terrassement, de d\u00e9molition et de manutention tels : bulls, niveleuses,&hellip; <a class=\"read-more-link\" href=\"http:\/\/www.groupehage.bf\/?page_id=103\">Read More<\/a><\/p>\n","protected":false},"author":1,"featured_media":0,"parent":0,"menu_order":0,"comment_status":"closed","ping_status":"closed","template":"","meta":{"footnotes":""},"class_list":["post-103","page","type-page","status-publish","hentry"],"_links":{"self":[{"href":"http:\/\/www.groupehage.bf\/index.php?rest_route=\/wp\/v2\/pages\/103","targetHints":{"allow":["GET"]}}],"collection":[{"href":"http:\/\/www.groupehage.bf\/index.php?rest_route=\/wp\/v2\/pages"}],"about":[{"href":"http:\/\/www.groupehage.bf\/index.php?rest_route=\/wp\/v2\/types\/page"}],"author":[{"embeddable":true,"href":"http:\/\/www.groupehage.bf\/index.php?rest_route=\/wp\/v2\/users\/1"}],"replies":[{"embeddable":true,"href":"http:\/\/www.groupehage.bf\/index.php?rest_route=%2Fwp%2Fv2%2Fcomments&post=103"}],"version-history":[{"count":3,"href":"http:\/\/www.groupehage.bf\/index.php?rest_route=\/wp\/v2\/pages\/103\/revisions"}],"predecessor-version":[{"id":106,"href":"http:\/\/www.groupehage.bf\/index.php?rest_route=\/wp\/v2\/pages\/103\/revisions\/106"}],"wp:attachment":[{"href":"http:\/\/www.groupehage.bf\/index.php?rest_route=%2Fwp%2Fv2%2Fmedia&parent=103"}],"curies":[{"name":"wp","href":"https:\/\/api.w.org\/{rel}","templated":true}]}}