{"id":120,"date":"2018-01-15T21:27:36","date_gmt":"2018-01-15T21:27:36","guid":{"rendered":"http:\/\/www.groupehage.bf\/?page_id=120"},"modified":"2025-11-14T07:16:13","modified_gmt":"2025-11-14T07:16:13","slug":"politique-du-groupe","status":"publish","type":"page","link":"http:\/\/www.groupehage.bf\/?page_id=120","title":{"rendered":"Politique du Groupe"},"content":{"rendered":"<p><img decoding=\"async\" class=\"alignnone size-medium wp-image-122\" src=\"http:\/\/www.groupehage.bf-content\/uploads\/2018\/01\/polit-300x35.png\" alt=\"\" width=\"300\" height=\"35\" srcset=\"http:\/\/www.groupehage.bf\/wp-content\/uploads\/2018\/01\/polit-300x35.png 300w, http:\/\/www.groupehage.bf\/wp-content\/uploads\/2018\/01\/polit.png 364w\" sizes=\"(max-width: 300px) 100vw, 300px\" \/><\/p>\n<p>De part ses installations et le d\u00e9veloppement de ses activit\u00e9s, le GROUPE HAGE joue un r\u00f4le socio-\u00e9conomique important au Burkina Faso ; au B\u00e9nin et au Togo par :\n&#8211; L\u2019emploi de 1 400 travailleurs permanents et plusieurs centaines de travailleurs journaliers b\u00e9n\u00e9ficiant d\u2019une large couverture sociale ;<\/p>\n<p>&#8211; Un dialogue permanent avec les organisations des travailleurs ;<\/p>\n<p>&#8211; L\u2019appui \u00e0 la formation professionnelle \u00e0 travers l\u2019encadrement de centaines de stagiaires par an issus des universit\u00e9s, des \u00e9coles sup\u00e9rieures et des centres de formation professionnelle ;<\/p>\n<p>&#8211; La cr\u00e9ation de recettes au profit du budget de l\u2019Etat \u00e0 travers le paiement de centaines de millions au titre des imp\u00f4ts et taxes.<\/p>\n<p>Toujours \u00e0 l\u2019\u00e9coute des collectivit\u00e9s locales, des communaut\u00e9s et des autorit\u00e9s nationales.<\/p>\n<p><strong>POLITIQUE ENVIRONNEMENTALE<\/strong><\/p>\n<p>Le Groupe HAGE fait partie de ces \u00ab entreprises citoyennes \u00bb qui, d\u00e8s leur conception prennent en compte le respect de l\u2019environnement.<\/p>\n<p>La protection de l\u2019environnement constitue une priorit\u00e9 pour les soci\u00e9t\u00e9s filiales du groupe. Ainsi d\u2019importants investissements on \u00e9t\u00e9 r\u00e9alis\u00e9s dans ce sens<\/p>\n<p><strong>POLITIQUE COMMERCIALE<\/strong><\/p>\n<p>Le GROUPE HAGE, de par sa position sur le march\u00e9 burkinab\u00e9, togolais et b\u00e9ninois, travaille essentiellement avec tous les intervenants de la cha\u00eene des b\u00e2timents et de travaux publics, en l\u2019occurrence :\n&#8211; les entreprises de construction, de travaux publics,\n&#8211; les administrations et collectivit\u00e9s,\n&#8211; les organismes de d\u00e9veloppement,\n&#8211; les particuliers (m\u00e9nages).<\/p>\n<p>Pour ce faire, il d\u00e9veloppe dans chaque zone g\u00e9ographique couverte, un r\u00e9seau de grossistes, revendeurs et distributeurs dont les diff\u00e9rentes contributions \u00e0 la constitution des valeurs ajout\u00e9es locales sont inestimables.<\/p>\n<p>Dans le cadre de sa politique commerciale, le GROUPE HAGE exporte environ 40 % de sa production vers d\u2019autres pays membres de l\u2019UEMOA et certains pays de la CEMAC.<\/p>\n","protected":false},"excerpt":{"rendered":"<p>De part ses installations et le d\u00e9veloppement de ses activit\u00e9s, le GROUPE HAGE joue un r\u00f4le socio-\u00e9conomique important au Burkina Faso ; au B\u00e9nin et au Togo par : &#8211; L\u2019emploi de 1 400 travailleurs permanents et plusieurs centaines de travailleurs journaliers b\u00e9n\u00e9ficiant d\u2019une large couverture sociale ; &#8211; Un dialogue permanent avec les organisations des travailleurs ; &#8211; L\u2019appui \u00e0 la formation professionnelle \u00e0 travers l\u2019encadrement de centaines de stagiaires par an issus des universit\u00e9s, des \u00e9coles sup\u00e9rieures et des centres de formation professionnelle ; &#8211; La cr\u00e9ation de recettes au profit du budget de l\u2019Etat \u00e0 travers le paiement de centaines de millions au titre des imp\u00f4ts et taxes. Toujours \u00e0 l\u2019\u00e9coute des collectivit\u00e9s locales, des communaut\u00e9s et des autorit\u00e9s nationales. POLITIQUE ENVIRONNEMENTALE Le Groupe HAGE fait partie de ces \u00ab entreprises citoyennes \u00bb qui, d\u00e8s leur conception prennent en compte le respect de l\u2019environnement. La protection de l\u2019environnement constitue une priorit\u00e9 pour les soci\u00e9t\u00e9s filiales du groupe. Ainsi d\u2019importants investissements on \u00e9t\u00e9 r\u00e9alis\u00e9s dans ce sens POLITIQUE COMMERCIALE Le GROUPE HAGE, de par sa position sur le march\u00e9 burkinab\u00e9, togolais et b\u00e9ninois, travaille essentiellement avec tous les intervenants de la cha\u00eene des b\u00e2timents et de travaux publics,&hellip; <a class=\"read-more-link\" href=\"http:\/\/www.groupehage.bf\/?page_id=120\">Read More<\/a><\/p>\n","protected":false},"author":1,"featured_media":0,"parent":0,"menu_order":0,"comment_status":"closed","ping_status":"closed","template":"","meta":{"footnotes":""},"class_list":["post-120","page","type-page","status-publish","hentry"],"_links":{"self":[{"href":"http:\/\/www.groupehage.bf\/index.php?rest_route=\/wp\/v2\/pages\/120","targetHints":{"allow":["GET"]}}],"collection":[{"href":"http:\/\/www.groupehage.bf\/index.php?rest_route=\/wp\/v2\/pages"}],"about":[{"href":"http:\/\/www.groupehage.bf\/index.php?rest_route=\/wp\/v2\/types\/page"}],"author":[{"embeddable":true,"href":"http:\/\/www.groupehage.bf\/index.php?rest_route=\/wp\/v2\/users\/1"}],"replies":[{"embeddable":true,"href":"http:\/\/www.groupehage.bf\/index.php?rest_route=%2Fwp%2Fv2%2Fcomments&post=120"}],"version-history":[{"count":3,"href":"http:\/\/www.groupehage.bf\/index.php?rest_route=\/wp\/v2\/pages\/120\/revisions"}],"predecessor-version":[{"id":124,"href":"http:\/\/www.groupehage.bf\/index.php?rest_route=\/wp\/v2\/pages\/120\/revisions\/124"}],"wp:attachment":[{"href":"http:\/\/www.groupehage.bf\/index.php?rest_route=%2Fwp%2Fv2%2Fmedia&parent=120"}],"curies":[{"name":"wp","href":"https:\/\/api.w.org\/{rel}","templated":true}]}}