{"id":14,"date":"2018-01-13T11:56:13","date_gmt":"2018-01-13T11:56:13","guid":{"rendered":"http:\/\/www.groupehage.bf\/?page_id=14"},"modified":"2025-11-14T07:16:13","modified_gmt":"2025-11-14T07:16:13","slug":"groupe-hage","status":"publish","type":"page","link":"http:\/\/www.groupehage.bf\/?page_id=14","title":{"rendered":"A propos"},"content":{"rendered":"<p><img decoding=\"async\" class=\"alignnone wp-image-72 size-full\" src=\"http:\/\/www.groupehage.bf-content\/uploads\/2018\/01\/ZEGHGEH.jpg\" alt=\"\" width=\"275\" height=\"50\" \/><\/p>\n<p>&nbsp;<\/p>\n<p><img decoding=\"async\" class=\"size-full wp-image-16 alignleft\" src=\"http:\/\/www.groupehage.bf-content\/uploads\/2018\/01\/groupe-hage.jpeg\" alt=\"\" width=\"159\" height=\"170\" \/>L&rsquo;exp\u00e9rience de plusieurs d\u00e9cennies dans le secteur de la sid\u00e9rurgie a fait du groupe HAGE un leader incontest\u00e9 dans la production, la transformation et la commercialisation de l&rsquo;acier.<\/p>\n<p>Sa vocation premi\u00e8re et principale est la fabrication de tubes en acier lamin\u00e9 \u00e0 chaud ou \u00e0 froid.<\/p>\n<p>Au fil du temps et au gr\u00e9 des \u00e9volutions du march\u00e9, le groupe HAGE a enrichi et diversifi\u00e9 ses champs d&rsquo;activit\u00e9s en optant pour des technologies \u00e0 la pointe du progr\u00e8s.<\/p>\n<p>Ainsi, des fers \u00e0 b\u00e9ton aux carreaux de rev\u00eatement, en passant par la peinture et le b\u00e2timent, le groupe HAGE est l&rsquo;industriel incontournable de l&rsquo;\u00e9conomie burkinab\u00e8, b\u00e9ninoise et togolaise.<\/p>\n<p>Depuis Octobre 2002, le groupe HAGE est structur\u00e9 en cinq (05) soci\u00e9t\u00e9s filiales sp\u00e9cialis\u00e9es, poss\u00e9dant chacune les comp\u00e9tences et les outils qui en font des professionnels reconnus.<\/p>\n<p>Le groupe HAGE, par le biais de ses filiales, constitue un partenaire indispensable pour des alliances strat\u00e9giques en mati\u00e8re de savoir-faire technique et commerciale pour la conqu\u00eate du march\u00e9 national et l&rsquo;expansion sur la sc\u00e8ne internationale.<\/p>\n<p><img decoding=\"async\" class=\"alignnone wp-image-73 size-full\" src=\"http:\/\/www.groupehage.bf-content\/uploads\/2018\/01\/ERHERRTHRH.jpg\" alt=\"\" width=\"650\" height=\"61\" srcset=\"http:\/\/www.groupehage.bf\/wp-content\/uploads\/2018\/01\/ERHERRTHRH.jpg 650w, http:\/\/www.groupehage.bf\/wp-content\/uploads\/2018\/01\/ERHERRTHRH-600x56.jpg 600w, http:\/\/www.groupehage.bf\/wp-content\/uploads\/2018\/01\/ERHERRTHRH-300x28.jpg 300w\" sizes=\"(max-width: 650px) 100vw, 650px\" \/><\/p>\n","protected":false},"excerpt":{"rendered":"<p>&nbsp; L&rsquo;exp\u00e9rience de plusieurs d\u00e9cennies dans le secteur de la sid\u00e9rurgie a fait du groupe HAGE un leader incontest\u00e9 dans la production, la transformation et la commercialisation de l&rsquo;acier. Sa vocation premi\u00e8re et principale est la fabrication de tubes en acier lamin\u00e9 \u00e0 chaud ou \u00e0 froid. Au fil du temps et au gr\u00e9 des \u00e9volutions du march\u00e9, le groupe HAGE a enrichi et diversifi\u00e9 ses champs d&rsquo;activit\u00e9s en optant pour des technologies \u00e0 la pointe du progr\u00e8s. Ainsi, des fers \u00e0 b\u00e9ton aux carreaux de rev\u00eatement, en passant par la peinture et le b\u00e2timent, le groupe HAGE est l&rsquo;industriel incontournable de l&rsquo;\u00e9conomie burkinab\u00e8, b\u00e9ninoise et togolaise. Depuis Octobre 2002, le groupe HAGE est structur\u00e9 en cinq (05) soci\u00e9t\u00e9s filiales sp\u00e9cialis\u00e9es, poss\u00e9dant chacune les comp\u00e9tences et les outils qui en font des professionnels reconnus. Le groupe HAGE, par le biais de ses filiales, constitue un partenaire indispensable pour des alliances strat\u00e9giques en mati\u00e8re de savoir-faire technique et commerciale pour la conqu\u00eate du march\u00e9 national et l&rsquo;expansion sur la sc\u00e8ne internationale.<\/p>\n","protected":false},"author":1,"featured_media":0,"parent":0,"menu_order":0,"comment_status":"closed","ping_status":"closed","template":"","meta":{"footnotes":""},"class_list":["post-14","page","type-page","status-publish","hentry"],"_links":{"self":[{"href":"http:\/\/www.groupehage.bf\/index.php?rest_route=\/wp\/v2\/pages\/14","targetHints":{"allow":["GET"]}}],"collection":[{"href":"http:\/\/www.groupehage.bf\/index.php?rest_route=\/wp\/v2\/pages"}],"about":[{"href":"http:\/\/www.groupehage.bf\/index.php?rest_route=\/wp\/v2\/types\/page"}],"author":[{"embeddable":true,"href":"http:\/\/www.groupehage.bf\/index.php?rest_route=\/wp\/v2\/users\/1"}],"replies":[{"embeddable":true,"href":"http:\/\/www.groupehage.bf\/index.php?rest_route=%2Fwp%2Fv2%2Fcomments&post=14"}],"version-history":[{"count":3,"href":"http:\/\/www.groupehage.bf\/index.php?rest_route=\/wp\/v2\/pages\/14\/revisions"}],"predecessor-version":[{"id":129,"href":"http:\/\/www.groupehage.bf\/index.php?rest_route=\/wp\/v2\/pages\/14\/revisions\/129"}],"wp:attachment":[{"href":"http:\/\/www.groupehage.bf\/index.php?rest_route=%2Fwp%2Fv2%2Fmedia&parent=14"}],"curies":[{"name":"wp","href":"https:\/\/api.w.org\/{rel}","templated":true}]}}