{"id":28,"date":"2018-01-13T12:10:10","date_gmt":"2018-01-13T12:10:10","guid":{"rendered":"http:\/\/www.groupehage.bf\/?page_id=28"},"modified":"2025-11-14T07:16:13","modified_gmt":"2025-11-14T07:16:13","slug":"hage-industrie","status":"publish","type":"page","link":"http:\/\/www.groupehage.bf\/?page_id=28","title":{"rendered":"HAGE INDUSTRIE"},"content":{"rendered":"<p><img decoding=\"async\" class=\"size-medium wp-image-29 alignnone\" src=\"http:\/\/www.groupehage.bf-content\/uploads\/2018\/01\/logo-HAGE-HIND-300x43.jpg\" alt=\"\" width=\"300\" height=\"43\" srcset=\"http:\/\/www.groupehage.bf\/wp-content\/uploads\/2018\/01\/logo-HAGE-HIND-300x43.jpg 300w, http:\/\/www.groupehage.bf\/wp-content\/uploads\/2018\/01\/logo-HAGE-HIND.jpg 349w\" sizes=\"(max-width: 300px) 100vw, 300px\" \/><\/p>\n<div><\/div>\n<div>\n<p>En vue d\u2019impulser une nouvelle dynamique aux activit\u00e9s du Groupe, la soci\u00e9t\u00e9 HAGE Industries a \u00e9t\u00e9 cr\u00e9\u00e9e en 2001 par la fusion des trois soci\u00e9t\u00e9s : HAGE METAL, EMETAL et IBPC qui capitalisent pr\u00e8s de vingt deux ans d\u2019activit\u00e9.\nDepuis sa cr\u00e9ation, HAGE Industries ne cesse de r\u00e9pondre de mani\u00e8re constante \u00e0 la demande de plus en plus croissante du march\u00e9 des mat\u00e9riaux de construction \u00e0 travers une gamme vari\u00e9e de produits et le lancement de nouvelles productions. La forte capacit\u00e9 de production de nos unit\u00e9s permet \u00e0 tout moment de satisfaire la demande de la client\u00e8le. Ces capacit\u00e9s sont constitu\u00e9es autour des unit\u00e9s de production ci-apr\u00e8s qui ont \u00e9t\u00e9 constitu\u00e9es au fil du temps :\n&#8211; L\u2019unit\u00e9 de production : Fers \u00e0 b\u00e9ton\n&#8211; L\u2019unit\u00e9 de production : T\u00f4les\n&#8211; L\u2019unit\u00e9 de production : Tr\u00e9filage\n&#8211; L\u2019unit\u00e9 de production : Profilage\n&#8211; L\u2019unit\u00e9 de production : Clouterie\n&#8211; L\u2019unit\u00e9 de production : Grillages\n&#8211; L\u2019unit\u00e9 de production : Ouvrages\n&#8211; L\u2019unit\u00e9 de production : Peintures et colles\n&#8211; L\u2019unit\u00e9 de production : Carreaux\n&#8211; Un entrep\u00f4t industriel sous douane\n&#8211; Notre entrep\u00f4t industriel sous douane permet tant l\u2019exportation de notre fabrication, que la distribution locale en hors taxes et hors douane.\n&#8211; Un stock permanent<\/p>\n<p>Les points de vente de Ouagadougou et de Bobo-Dioulasso ainsi que des aires de stockage compos\u00e9es d\u2019entrep\u00f4ts d\u2019une surface totale de 18 000 m\u00b2 offrent \u00e0 notre client\u00e8le la possibilit\u00e9 de s\u2019approvisionner en continu.<\/p>\n<p><img decoding=\"async\" class=\"alignnone wp-image-33 size-full\" src=\"http:\/\/www.groupehage.bf-content\/uploads\/2018\/01\/logo-GRHIND-1.jpg\" alt=\"\" width=\"640\" height=\"57\" srcset=\"http:\/\/www.groupehage.bf\/wp-content\/uploads\/2018\/01\/logo-GRHIND-1.jpg 640w, http:\/\/www.groupehage.bf\/wp-content\/uploads\/2018\/01\/logo-GRHIND-1-600x53.jpg 600w, http:\/\/www.groupehage.bf\/wp-content\/uploads\/2018\/01\/logo-GRHIND-1-300x27.jpg 300w\" sizes=\"(max-width: 640px) 100vw, 640px\" \/><\/p>\n<\/div>\n","protected":false},"excerpt":{"rendered":"<p>En vue d\u2019impulser une nouvelle dynamique aux activit\u00e9s du Groupe, la soci\u00e9t\u00e9 HAGE Industries a \u00e9t\u00e9 cr\u00e9\u00e9e en 2001 par la fusion des trois soci\u00e9t\u00e9s : HAGE METAL, EMETAL et IBPC qui capitalisent pr\u00e8s de vingt deux ans d\u2019activit\u00e9. Depuis sa cr\u00e9ation, HAGE Industries ne cesse de r\u00e9pondre de mani\u00e8re constante \u00e0 la demande de plus en plus croissante du march\u00e9 des mat\u00e9riaux de construction \u00e0 travers une gamme vari\u00e9e de produits et le lancement de nouvelles productions. La forte capacit\u00e9 de production de nos unit\u00e9s permet \u00e0 tout moment de satisfaire la demande de la client\u00e8le. Ces capacit\u00e9s sont constitu\u00e9es autour des unit\u00e9s de production ci-apr\u00e8s qui ont \u00e9t\u00e9 constitu\u00e9es au fil du temps : &#8211; L\u2019unit\u00e9 de production : Fers \u00e0 b\u00e9ton &#8211; L\u2019unit\u00e9 de production : T\u00f4les &#8211; L\u2019unit\u00e9 de production : Tr\u00e9filage &#8211; L\u2019unit\u00e9 de production : Profilage &#8211; L\u2019unit\u00e9 de production : Clouterie &#8211; L\u2019unit\u00e9 de production : Grillages &#8211; L\u2019unit\u00e9 de production : Ouvrages &#8211; L\u2019unit\u00e9 de production : Peintures et colles &#8211; L\u2019unit\u00e9 de production : Carreaux &#8211; Un entrep\u00f4t industriel sous douane &#8211; Notre entrep\u00f4t industriel sous douane permet tant l\u2019exportation de notre fabrication, que la distribution locale en hors taxes et&hellip; <a class=\"read-more-link\" href=\"http:\/\/www.groupehage.bf\/?page_id=28\">Read More<\/a><\/p>\n","protected":false},"author":1,"featured_media":0,"parent":0,"menu_order":0,"comment_status":"closed","ping_status":"closed","template":"","meta":{"footnotes":""},"class_list":["post-28","page","type-page","status-publish","hentry"],"_links":{"self":[{"href":"http:\/\/www.groupehage.bf\/index.php?rest_route=\/wp\/v2\/pages\/28","targetHints":{"allow":["GET"]}}],"collection":[{"href":"http:\/\/www.groupehage.bf\/index.php?rest_route=\/wp\/v2\/pages"}],"about":[{"href":"http:\/\/www.groupehage.bf\/index.php?rest_route=\/wp\/v2\/types\/page"}],"author":[{"embeddable":true,"href":"http:\/\/www.groupehage.bf\/index.php?rest_route=\/wp\/v2\/users\/1"}],"replies":[{"embeddable":true,"href":"http:\/\/www.groupehage.bf\/index.php?rest_route=%2Fwp%2Fv2%2Fcomments&post=28"}],"version-history":[{"count":8,"href":"http:\/\/www.groupehage.bf\/index.php?rest_route=\/wp\/v2\/pages\/28\/revisions"}],"predecessor-version":[{"id":97,"href":"http:\/\/www.groupehage.bf\/index.php?rest_route=\/wp\/v2\/pages\/28\/revisions\/97"}],"wp:attachment":[{"href":"http:\/\/www.groupehage.bf\/index.php?rest_route=%2Fwp%2Fv2%2Fmedia&parent=28"}],"curies":[{"name":"wp","href":"https:\/\/api.w.org\/{rel}","templated":true}]}}