{"id":363,"date":"2018-01-19T17:17:15","date_gmt":"2018-01-19T17:17:15","guid":{"rendered":"http:\/\/www.groupehage.bf\/?page_id=363"},"modified":"2025-11-14T07:16:13","modified_gmt":"2025-11-14T07:16:13","slug":"a-propos","status":"publish","type":"page","link":"http:\/\/www.groupehage.bf\/?page_id=363","title":{"rendered":"A propos du centre"},"content":{"rendered":"<p>&nbsp;<\/p>\n<p>Le centre commercial a ouvert ses portes officieusement le 02 f\u00e9vrier 2013 et officiellement au grand public le 03 f\u00e9vrier 2013. Le centre\u00a0<img decoding=\"async\" class=\"size-full wp-image-356 alignleft\" src=\"http:\/\/www.groupehage.bf-content\/uploads\/2018\/01\/CC.jpg\" alt=\"\" width=\"200\" height=\"200\" srcset=\"http:\/\/www.groupehage.bf\/wp-content\/uploads\/2018\/01\/CC.jpg 200w, http:\/\/www.groupehage.bf\/wp-content\/uploads\/2018\/01\/CC-100x100.jpg 100w, http:\/\/www.groupehage.bf\/wp-content\/uploads\/2018\/01\/CC-150x150.jpg 150w, http:\/\/www.groupehage.bf\/wp-content\/uploads\/2018\/01\/CC-55x55.jpg 55w, http:\/\/www.groupehage.bf\/wp-content\/uploads\/2018\/01\/CC-80x80.jpg 80w, http:\/\/www.groupehage.bf\/wp-content\/uploads\/2018\/01\/CC-180x180.jpg 180w\" sizes=\"(max-width: 200px) 100vw, 200px\" \/>commercial qui se trouve au si\u00e8ge du Groupe Hage, occupe six niveaux d\u2019exposition et de vente des mat\u00e9riaux de construction \u00e0 savoir le mobilier, l\u2019\u00e9lectrom\u00e9nager, le sanitaire, les luminaires, la d\u00e9coration, les carrelages, le mat\u00e9riel \u00e9lectrique et la quincaillerie\/outillage b\u00e2ti sur une superficie de 1.700 m\u00e8tre carr\u00e9.<\/p>\n<p>\u201fL\u2019unit\u00e9 ainsi cr\u00e9\u00e9e permet de g\u00e9n\u00e9rer \u00e0 l\u2019\u00e9poque 60 emplois permanents portant l\u2019effectif \u00e0 250\u2033 soit 2.500 personnes, a dit M. Joseph Hage, estimant que \u201fles retomb\u00e9es sociales sont encore amplifi\u00e9es\u2033 avec la fourniture de mat\u00e9riaux \u00e0\u00a0des grossistes, des entreprises du b\u00e2timent et du g\u00e9nie civil.<\/p>\n<p>&nbsp;<\/p>\n<p>&nbsp;<\/p>\n<p>&nbsp;<\/p>\n","protected":false},"excerpt":{"rendered":"<p>&nbsp; Le centre commercial a ouvert ses portes officieusement le 02 f\u00e9vrier 2013 et officiellement au grand public le 03 f\u00e9vrier 2013. Le centre\u00a0commercial qui se trouve au si\u00e8ge du Groupe Hage, occupe six niveaux d\u2019exposition et de vente des mat\u00e9riaux de construction \u00e0 savoir le mobilier, l\u2019\u00e9lectrom\u00e9nager, le sanitaire, les luminaires, la d\u00e9coration, les carrelages, le mat\u00e9riel \u00e9lectrique et la quincaillerie\/outillage b\u00e2ti sur une superficie de 1.700 m\u00e8tre carr\u00e9. \u201fL\u2019unit\u00e9 ainsi cr\u00e9\u00e9e permet de g\u00e9n\u00e9rer \u00e0 l\u2019\u00e9poque 60 emplois permanents portant l\u2019effectif \u00e0 250\u2033 soit 2.500 personnes, a dit M. Joseph Hage, estimant que \u201fles retomb\u00e9es sociales sont encore amplifi\u00e9es\u2033 avec la fourniture de mat\u00e9riaux \u00e0\u00a0des grossistes, des entreprises du b\u00e2timent et du g\u00e9nie civil. &nbsp; &nbsp; &nbsp;<\/p>\n","protected":false},"author":1,"featured_media":0,"parent":0,"menu_order":0,"comment_status":"closed","ping_status":"closed","template":"","meta":{"footnotes":""},"class_list":["post-363","page","type-page","status-publish","hentry"],"_links":{"self":[{"href":"http:\/\/www.groupehage.bf\/index.php?rest_route=\/wp\/v2\/pages\/363","targetHints":{"allow":["GET"]}}],"collection":[{"href":"http:\/\/www.groupehage.bf\/index.php?rest_route=\/wp\/v2\/pages"}],"about":[{"href":"http:\/\/www.groupehage.bf\/index.php?rest_route=\/wp\/v2\/types\/page"}],"author":[{"embeddable":true,"href":"http:\/\/www.groupehage.bf\/index.php?rest_route=\/wp\/v2\/users\/1"}],"replies":[{"embeddable":true,"href":"http:\/\/www.groupehage.bf\/index.php?rest_route=%2Fwp%2Fv2%2Fcomments&post=363"}],"version-history":[{"count":5,"href":"http:\/\/www.groupehage.bf\/index.php?rest_route=\/wp\/v2\/pages\/363\/revisions"}],"predecessor-version":[{"id":771,"href":"http:\/\/www.groupehage.bf\/index.php?rest_route=\/wp\/v2\/pages\/363\/revisions\/771"}],"wp:attachment":[{"href":"http:\/\/www.groupehage.bf\/index.php?rest_route=%2Fwp%2Fv2%2Fmedia&parent=363"}],"curies":[{"name":"wp","href":"https:\/\/api.w.org\/{rel}","templated":true}]}}