{"id":370,"date":"2018-01-19T19:18:33","date_gmt":"2018-01-19T19:18:33","guid":{"rendered":"http:\/\/www.groupehage.bf\/?page_id=370"},"modified":"2025-11-14T07:16:13","modified_gmt":"2025-11-14T07:16:13","slug":"electromenager","status":"publish","type":"page","link":"http:\/\/www.groupehage.bf\/?page_id=370","title":{"rendered":"Electrom\u00e9nager"},"content":{"rendered":"<p>Restaurateurs, hoteliers, particuliers, d\u00e9couvrez notre large gamme de mat\u00e9riels professionnels (armoires r\u00e9frig\u00e9r\u00e9es, rotissoires, apareils \u00e0 chawarma, fours \u00e0 pizza, planchas, chariots de services&#8230;) et profitez de\n-30% sur les couverts et les casseroles de la marque AMS avec une garantie d&rsquo;un An.\nVous avez \u00e9galement la possibilit\u00e9 de composez votre chafing dish avec la large gamme de bacs gastronomes;<\/p>\n<p><img fetchpriority=\"high\" decoding=\"async\" class=\"alignnone size-full wp-image-652\" src=\"http:\/\/www.groupehage.bf-content\/uploads\/2018\/02\/18301228_759209354260040_8491339011164602217_n.jpg\" alt=\"\" width=\"960\" height=\"571\" srcset=\"http:\/\/www.groupehage.bf\/wp-content\/uploads\/2018\/02\/18301228_759209354260040_8491339011164602217_n.jpg 960w, http:\/\/www.groupehage.bf\/wp-content\/uploads\/2018\/02\/18301228_759209354260040_8491339011164602217_n-600x357.jpg 600w, http:\/\/www.groupehage.bf\/wp-content\/uploads\/2018\/02\/18301228_759209354260040_8491339011164602217_n-300x178.jpg 300w, http:\/\/www.groupehage.bf\/wp-content\/uploads\/2018\/02\/18301228_759209354260040_8491339011164602217_n-768x457.jpg 768w\" sizes=\"(max-width: 960px) 100vw, 960px\" \/><img decoding=\"async\" class=\"alignnone size-full wp-image-651\" src=\"http:\/\/www.groupehage.bf-content\/uploads\/2018\/02\/18275137_759209397593369_3070029711229008430_n.jpg\" alt=\"\" width=\"500\" height=\"298\" srcset=\"http:\/\/www.groupehage.bf\/wp-content\/uploads\/2018\/02\/18275137_759209397593369_3070029711229008430_n.jpg 500w, http:\/\/www.groupehage.bf\/wp-content\/uploads\/2018\/02\/18275137_759209397593369_3070029711229008430_n-300x179.jpg 300w\" sizes=\"(max-width: 500px) 100vw, 500px\" \/><\/p>\n<p>&nbsp;<\/p>\n<p><img decoding=\"async\" class=\"alignnone size-full wp-image-643\" src=\"http:\/\/www.groupehage.bf-content\/uploads\/2018\/02\/18301333_759209857593323_2978608029299389620_n.jpg\" alt=\"\" width=\"600\" height=\"600\" srcset=\"http:\/\/www.groupehage.bf\/wp-content\/uploads\/2018\/02\/18301333_759209857593323_2978608029299389620_n.jpg 600w, http:\/\/www.groupehage.bf\/wp-content\/uploads\/2018\/02\/18301333_759209857593323_2978608029299389620_n-300x300.jpg 300w, http:\/\/www.groupehage.bf\/wp-content\/uploads\/2018\/02\/18301333_759209857593323_2978608029299389620_n-100x100.jpg 100w, http:\/\/www.groupehage.bf\/wp-content\/uploads\/2018\/02\/18301333_759209857593323_2978608029299389620_n-150x150.jpg 150w, http:\/\/www.groupehage.bf\/wp-content\/uploads\/2018\/02\/18301333_759209857593323_2978608029299389620_n-145x145.jpg 145w, http:\/\/www.groupehage.bf\/wp-content\/uploads\/2018\/02\/18301333_759209857593323_2978608029299389620_n-50x50.jpg 50w, http:\/\/www.groupehage.bf\/wp-content\/uploads\/2018\/02\/18301333_759209857593323_2978608029299389620_n-180x180.jpg 180w\" sizes=\"(max-width: 600px) 100vw, 600px\" \/><\/p>\n<p>&nbsp;<\/p>\n","protected":false},"excerpt":{"rendered":"<p>Restaurateurs, hoteliers, particuliers, d\u00e9couvrez notre large gamme de mat\u00e9riels professionnels (armoires r\u00e9frig\u00e9r\u00e9es, rotissoires, apareils \u00e0 chawarma, fours \u00e0 pizza, planchas, chariots de services&#8230;) et profitez de -30% sur les couverts et les casseroles de la marque AMS avec une garantie d&rsquo;un An. Vous avez \u00e9galement la possibilit\u00e9 de composez votre chafing dish avec la large gamme de bacs gastronomes; &nbsp; &nbsp;<\/p>\n","protected":false},"author":1,"featured_media":0,"parent":0,"menu_order":0,"comment_status":"closed","ping_status":"closed","template":"","meta":{"footnotes":""},"class_list":["post-370","page","type-page","status-publish","hentry"],"_links":{"self":[{"href":"http:\/\/www.groupehage.bf\/index.php?rest_route=\/wp\/v2\/pages\/370","targetHints":{"allow":["GET"]}}],"collection":[{"href":"http:\/\/www.groupehage.bf\/index.php?rest_route=\/wp\/v2\/pages"}],"about":[{"href":"http:\/\/www.groupehage.bf\/index.php?rest_route=\/wp\/v2\/types\/page"}],"author":[{"embeddable":true,"href":"http:\/\/www.groupehage.bf\/index.php?rest_route=\/wp\/v2\/users\/1"}],"replies":[{"embeddable":true,"href":"http:\/\/www.groupehage.bf\/index.php?rest_route=%2Fwp%2Fv2%2Fcomments&post=370"}],"version-history":[{"count":6,"href":"http:\/\/www.groupehage.bf\/index.php?rest_route=\/wp\/v2\/pages\/370\/revisions"}],"predecessor-version":[{"id":687,"href":"http:\/\/www.groupehage.bf\/index.php?rest_route=\/wp\/v2\/pages\/370\/revisions\/687"}],"wp:attachment":[{"href":"http:\/\/www.groupehage.bf\/index.php?rest_route=%2Fwp%2Fv2%2Fmedia&parent=370"}],"curies":[{"name":"wp","href":"https:\/\/api.w.org\/{rel}","templated":true}]}}