{"id":387,"date":"2018-01-20T09:07:43","date_gmt":"2018-01-20T09:07:43","guid":{"rendered":"http:\/\/www.groupehage.bf\/?page_id=387"},"modified":"2025-11-14T07:16:13","modified_gmt":"2025-11-14T07:16:13","slug":"meubles","status":"publish","type":"page","link":"http:\/\/www.groupehage.bf\/?page_id=387","title":{"rendered":"Meubles"},"content":{"rendered":"<p>Renouvelez votre d\u00e9co avec style en d\u00e9couvrant tous une gammes de meubles de qualit\u00e9s : salon en cuirs, semily cuirs o\u00f9 en tissus, tables \u00e0 manger, tables basses, meubles TV, buffets &amp; vaisselier, chaises &amp; tabourets de bar, chambres compl\u00e8te parents &amp; enfants, bureaux &amp; caissons, biblioth\u00e8ques &amp; \u00e9tag\u00e8res&#8230; tout une surface de 10.000m2 \u00e0 explorer jusqu&rsquo;\u00e0 \u00e9puisement.<\/p>\n<p>&nbsp;<\/p>\n<p><img fetchpriority=\"high\" decoding=\"async\" class=\"alignnone size-full wp-image-667\" src=\"http:\/\/www.groupehage.bf-content\/uploads\/2018\/02\/17991874_754139654767010_5231704634639063046_n.jpg\" alt=\"\" width=\"960\" height=\"541\" srcset=\"http:\/\/www.groupehage.bf\/wp-content\/uploads\/2018\/02\/17991874_754139654767010_5231704634639063046_n.jpg 960w, http:\/\/www.groupehage.bf\/wp-content\/uploads\/2018\/02\/17991874_754139654767010_5231704634639063046_n-600x338.jpg 600w, http:\/\/www.groupehage.bf\/wp-content\/uploads\/2018\/02\/17991874_754139654767010_5231704634639063046_n-300x169.jpg 300w, http:\/\/www.groupehage.bf\/wp-content\/uploads\/2018\/02\/17991874_754139654767010_5231704634639063046_n-768x433.jpg 768w\" sizes=\"(max-width: 960px) 100vw, 960px\" \/><img decoding=\"async\" class=\"alignnone size-full wp-image-666\" src=\"http:\/\/www.groupehage.bf-content\/uploads\/2018\/02\/18057940_754139674767008_5962968557814440087_n.jpg\" alt=\"\" width=\"960\" height=\"541\" srcset=\"http:\/\/www.groupehage.bf\/wp-content\/uploads\/2018\/02\/18057940_754139674767008_5962968557814440087_n.jpg 960w, http:\/\/www.groupehage.bf\/wp-content\/uploads\/2018\/02\/18057940_754139674767008_5962968557814440087_n-600x338.jpg 600w, http:\/\/www.groupehage.bf\/wp-content\/uploads\/2018\/02\/18057940_754139674767008_5962968557814440087_n-300x169.jpg 300w, http:\/\/www.groupehage.bf\/wp-content\/uploads\/2018\/02\/18057940_754139674767008_5962968557814440087_n-768x433.jpg 768w\" sizes=\"(max-width: 960px) 100vw, 960px\" \/><\/p>\n","protected":false},"excerpt":{"rendered":"<p>Renouvelez votre d\u00e9co avec style en d\u00e9couvrant tous une gammes de meubles de qualit\u00e9s : salon en cuirs, semily cuirs o\u00f9 en tissus, tables \u00e0 manger, tables basses, meubles TV, buffets &amp; vaisselier, chaises &amp; tabourets de bar, chambres compl\u00e8te parents &amp; enfants, bureaux &amp; caissons, biblioth\u00e8ques &amp; \u00e9tag\u00e8res&#8230; tout une surface de 10.000m2 \u00e0 explorer jusqu&rsquo;\u00e0 \u00e9puisement. &nbsp;<\/p>\n","protected":false},"author":1,"featured_media":0,"parent":0,"menu_order":0,"comment_status":"closed","ping_status":"closed","template":"","meta":{"footnotes":""},"class_list":["post-387","page","type-page","status-publish","hentry"],"_links":{"self":[{"href":"http:\/\/www.groupehage.bf\/index.php?rest_route=\/wp\/v2\/pages\/387","targetHints":{"allow":["GET"]}}],"collection":[{"href":"http:\/\/www.groupehage.bf\/index.php?rest_route=\/wp\/v2\/pages"}],"about":[{"href":"http:\/\/www.groupehage.bf\/index.php?rest_route=\/wp\/v2\/types\/page"}],"author":[{"embeddable":true,"href":"http:\/\/www.groupehage.bf\/index.php?rest_route=\/wp\/v2\/users\/1"}],"replies":[{"embeddable":true,"href":"http:\/\/www.groupehage.bf\/index.php?rest_route=%2Fwp%2Fv2%2Fcomments&post=387"}],"version-history":[{"count":4,"href":"http:\/\/www.groupehage.bf\/index.php?rest_route=\/wp\/v2\/pages\/387\/revisions"}],"predecessor-version":[{"id":686,"href":"http:\/\/www.groupehage.bf\/index.php?rest_route=\/wp\/v2\/pages\/387\/revisions\/686"}],"wp:attachment":[{"href":"http:\/\/www.groupehage.bf\/index.php?rest_route=%2Fwp%2Fv2%2Fmedia&parent=387"}],"curies":[{"name":"wp","href":"https:\/\/api.w.org\/{rel}","templated":true}]}}