{"id":49,"date":"2018-01-13T12:49:51","date_gmt":"2018-01-13T12:49:51","guid":{"rendered":"http:\/\/www.groupehage.bf\/?page_id=49"},"modified":"2025-11-14T07:16:13","modified_gmt":"2025-11-14T07:16:13","slug":"sototoles","status":"publish","type":"page","link":"http:\/\/www.groupehage.bf\/?page_id=49","title":{"rendered":"SOTOTOLES"},"content":{"rendered":"<p><img fetchpriority=\"high\" decoding=\"async\" class=\"size-full wp-image-50 alignleft\" src=\"http:\/\/www.groupehage.bf-content\/uploads\/2018\/01\/sototoles.jpg\" alt=\"\" width=\"272\" height=\"241\" \/>Leader incontest\u00e9 au Togo, NOUVELLE SOTOTOLES s\u2019affirme dans la galvanisation et ses produits \u00e0 l\u2019exportation dans l\u2018ensemble de la sous r\u00e9gion.<\/p>\n<p>Son activit\u00e9 principale depuis 1980 est la production de t\u00f4les ondul\u00e9es et de t\u00f4les bac galvanis\u00e9es. Ses activit\u00e9s se sont davantage diversifi\u00e9es avec l\u2019installation d\u2019une ligne de galvanisation de fil de fer et la fabrication de tubes soud\u00e9s et de profil\u00e9s divers.<\/p>\n<p>Bas\u00e9e sur une superficie de 100 000 m2 \u00e0 la zone industrielle du port de Lom\u00e9, son entrep\u00f4t industriel sous douane lui conf\u00e8re une grande capacit\u00e9 de r\u00e9ception et de distribution de l\u2019ensemble de ses produits.<\/p>\n<p>Il est important de signaler que la NOUVELLE SOTOTOLES est la premi\u00e8re unit\u00e9 industrielle en Afrique de l\u2019Ouest \u00e0 disposer d\u2019une cha\u00eene de galvanisation \u00e0 chaud, et d\u2019une cha\u00eene de production de fils recuits phosphat\u00e9s.<\/p>\n<p>Desservant principalement les industries lourdes telles les fonderies, NOUVELLE SOTOTOLES a \u00e9galement \u00e9tabli au fil des ans une \u00e9troite collaboration avec les PME de la r\u00e9gion de m\u00eame qu\u2019avec le milieu agricole.<\/p>\n<p><img decoding=\"async\" class=\"alignnone wp-image-51 size-full\" src=\"http:\/\/www.groupehage.bf-content\/uploads\/2018\/01\/JRTHRTHRH.jpg\" alt=\"\" width=\"649\" height=\"112\" srcset=\"http:\/\/www.groupehage.bf\/wp-content\/uploads\/2018\/01\/JRTHRTHRH.jpg 649w, http:\/\/www.groupehage.bf\/wp-content\/uploads\/2018\/01\/JRTHRTHRH-600x104.jpg 600w, http:\/\/www.groupehage.bf\/wp-content\/uploads\/2018\/01\/JRTHRTHRH-300x52.jpg 300w\" sizes=\"(max-width: 649px) 100vw, 649px\" \/><\/p>\n","protected":false},"excerpt":{"rendered":"<p>Leader incontest\u00e9 au Togo, NOUVELLE SOTOTOLES s\u2019affirme dans la galvanisation et ses produits \u00e0 l\u2019exportation dans l\u2018ensemble de la sous r\u00e9gion. Son activit\u00e9 principale depuis 1980 est la production de t\u00f4les ondul\u00e9es et de t\u00f4les bac galvanis\u00e9es. Ses activit\u00e9s se sont davantage diversifi\u00e9es avec l\u2019installation d\u2019une ligne de galvanisation de fil de fer et la fabrication de tubes soud\u00e9s et de profil\u00e9s divers. Bas\u00e9e sur une superficie de 100 000 m2 \u00e0 la zone industrielle du port de Lom\u00e9, son entrep\u00f4t industriel sous douane lui conf\u00e8re une grande capacit\u00e9 de r\u00e9ception et de distribution de l\u2019ensemble de ses produits. Il est important de signaler que la NOUVELLE SOTOTOLES est la premi\u00e8re unit\u00e9 industrielle en Afrique de l\u2019Ouest \u00e0 disposer d\u2019une cha\u00eene de galvanisation \u00e0 chaud, et d\u2019une cha\u00eene de production de fils recuits phosphat\u00e9s. Desservant principalement les industries lourdes telles les fonderies, NOUVELLE SOTOTOLES a \u00e9galement \u00e9tabli au fil des ans une \u00e9troite collaboration avec les PME de la r\u00e9gion de m\u00eame qu\u2019avec le milieu agricole.<\/p>\n","protected":false},"author":1,"featured_media":0,"parent":0,"menu_order":0,"comment_status":"closed","ping_status":"closed","template":"","meta":{"footnotes":""},"class_list":["post-49","page","type-page","status-publish","hentry"],"_links":{"self":[{"href":"http:\/\/www.groupehage.bf\/index.php?rest_route=\/wp\/v2\/pages\/49","targetHints":{"allow":["GET"]}}],"collection":[{"href":"http:\/\/www.groupehage.bf\/index.php?rest_route=\/wp\/v2\/pages"}],"about":[{"href":"http:\/\/www.groupehage.bf\/index.php?rest_route=\/wp\/v2\/types\/page"}],"author":[{"embeddable":true,"href":"http:\/\/www.groupehage.bf\/index.php?rest_route=\/wp\/v2\/users\/1"}],"replies":[{"embeddable":true,"href":"http:\/\/www.groupehage.bf\/index.php?rest_route=%2Fwp%2Fv2%2Fcomments&post=49"}],"version-history":[{"count":3,"href":"http:\/\/www.groupehage.bf\/index.php?rest_route=\/wp\/v2\/pages\/49\/revisions"}],"predecessor-version":[{"id":102,"href":"http:\/\/www.groupehage.bf\/index.php?rest_route=\/wp\/v2\/pages\/49\/revisions\/102"}],"wp:attachment":[{"href":"http:\/\/www.groupehage.bf\/index.php?rest_route=%2Fwp%2Fv2%2Fmedia&parent=49"}],"curies":[{"name":"wp","href":"https:\/\/api.w.org\/{rel}","templated":true}]}}