{"id":175,"date":"2018-01-16T17:10:10","date_gmt":"2018-01-16T17:10:10","guid":{"rendered":"http:\/\/www.groupehage.bf\/?post_type=product&#038;p=175"},"modified":"2018-01-16T17:10:10","modified_gmt":"2018-01-16T17:10:10","slug":"toles-bac-aluminium","status":"publish","type":"product","link":"http:\/\/www.groupehage.bf\/?product=toles-bac-aluminium","title":{"rendered":"T\u00f4les Bac Aluminium"},"content":{"rendered":"<p>ALUMINIUM pur \u00e0 98%\nR\u00e9siste \u00e0 la chaleur et \u00e0 l\u2019oxydation \u00e0 chaud\nExcellente r\u00e9sistance \u00e0 la corrosion\u00a0: R\u00e9sistante \u00e0 la corrosion ext\u00e9rieure et int\u00e9rieure, \u00e0 l\u2019abrasion et \u00e0 la chaleur<\/p>\n<p>Longueur en m\u00e8tre : sur commande\nDescription :\n3 ondulations, largeurs utile \/ 80 cm\n4 ondulations, largeurs utile \/75 cm<\/p>\n","protected":false},"excerpt":{"rendered":"<p>ALUMINIUM pur \u00e0 98%\nR\u00e9siste \u00e0 la chaleur et \u00e0 l\u2019oxydation \u00e0 chaud\nExcellente r\u00e9sistance \u00e0 la corrosion\u00a0: R\u00e9sistante \u00e0 la corrosion ext\u00e9rieure et int\u00e9rieure, \u00e0 l\u2019abrasion et \u00e0 la chaleur<\/p>\n","protected":false},"featured_media":0,"comment_status":"open","ping_status":"closed","template":"","meta":[],"product_brand":[],"product_cat":[17],"product_tag":[],"class_list":{"0":"post-175","1":"product","2":"type-product","3":"status-publish","5":"product_cat-toles","7":"first","8":"instock","9":"shipping-taxable","10":"product-type-simple"},"_links":{"self":[{"href":"http:\/\/www.groupehage.bf\/index.php?rest_route=\/wp\/v2\/product\/175","targetHints":{"allow":["GET"]}}],"collection":[{"href":"http:\/\/www.groupehage.bf\/index.php?rest_route=\/wp\/v2\/product"}],"about":[{"href":"http:\/\/www.groupehage.bf\/index.php?rest_route=\/wp\/v2\/types\/product"}],"replies":[{"embeddable":true,"href":"http:\/\/www.groupehage.bf\/index.php?rest_route=%2Fwp%2Fv2%2Fcomments&post=175"}],"version-history":[{"count":0,"href":"http:\/\/www.groupehage.bf\/index.php?rest_route=\/wp\/v2\/product\/175\/revisions"}],"wp:attachment":[{"href":"http:\/\/www.groupehage.bf\/index.php?rest_route=%2Fwp%2Fv2%2Fmedia&parent=175"}],"wp:term":[{"taxonomy":"product_brand","embeddable":true,"href":"http:\/\/www.groupehage.bf\/index.php?rest_route=%2Fwp%2Fv2%2Fproduct_brand&post=175"},{"taxonomy":"product_cat","embeddable":true,"href":"http:\/\/www.groupehage.bf\/index.php?rest_route=%2Fwp%2Fv2%2Fproduct_cat&post=175"},{"taxonomy":"product_tag","embeddable":true,"href":"http:\/\/www.groupehage.bf\/index.php?rest_route=%2Fwp%2Fv2%2Fproduct_tag&post=175"}],"curies":[{"name":"wp","href":"https:\/\/api.w.org\/{rel}","templated":true}]}}