{"id":184,"date":"2018-01-16T18:09:27","date_gmt":"2018-01-16T18:09:27","guid":{"rendered":"http:\/\/www.groupehage.bf\/?post_type=product&#038;p=184"},"modified":"2018-01-16T18:09:27","modified_gmt":"2018-01-16T18:09:27","slug":"toles-ondulees-galvanisees","status":"publish","type":"product","link":"http:\/\/www.groupehage.bf\/?product=toles-ondulees-galvanisees","title":{"rendered":"T\u00f4les Ondul\u00e9es Galvanis\u00e9es"},"content":{"rendered":"<h1>T\u00f4les Ondul\u00e9es Galvanis\u00e9es<\/h1>\n","protected":false},"excerpt":{"rendered":"<h1>T\u00f4les Ondul\u00e9es Galvanis\u00e9es<\/h1>\n","protected":false},"featured_media":0,"comment_status":"open","ping_status":"closed","template":"","meta":[],"product_brand":[],"product_cat":[17],"product_tag":[],"class_list":{"0":"post-184","1":"product","2":"type-product","3":"status-publish","5":"product_cat-toles","7":"first","8":"instock","9":"shipping-taxable","10":"product-type-simple"},"_links":{"self":[{"href":"http:\/\/www.groupehage.bf\/index.php?rest_route=\/wp\/v2\/product\/184","targetHints":{"allow":["GET"]}}],"collection":[{"href":"http:\/\/www.groupehage.bf\/index.php?rest_route=\/wp\/v2\/product"}],"about":[{"href":"http:\/\/www.groupehage.bf\/index.php?rest_route=\/wp\/v2\/types\/product"}],"replies":[{"embeddable":true,"href":"http:\/\/www.groupehage.bf\/index.php?rest_route=%2Fwp%2Fv2%2Fcomments&post=184"}],"version-history":[{"count":0,"href":"http:\/\/www.groupehage.bf\/index.php?rest_route=\/wp\/v2\/product\/184\/revisions"}],"wp:attachment":[{"href":"http:\/\/www.groupehage.bf\/index.php?rest_route=%2Fwp%2Fv2%2Fmedia&parent=184"}],"wp:term":[{"taxonomy":"product_brand","embeddable":true,"href":"http:\/\/www.groupehage.bf\/index.php?rest_route=%2Fwp%2Fv2%2Fproduct_brand&post=184"},{"taxonomy":"product_cat","embeddable":true,"href":"http:\/\/www.groupehage.bf\/index.php?rest_route=%2Fwp%2Fv2%2Fproduct_cat&post=184"},{"taxonomy":"product_tag","embeddable":true,"href":"http:\/\/www.groupehage.bf\/index.php?rest_route=%2Fwp%2Fv2%2Fproduct_tag&post=184"}],"curies":[{"name":"wp","href":"https:\/\/api.w.org\/{rel}","templated":true}]}}