{"id":197,"date":"2018-01-17T11:01:43","date_gmt":"2018-01-17T11:01:43","guid":{"rendered":"http:\/\/www.groupehage.bf\/?post_type=product&#038;p=197"},"modified":"2018-01-17T11:01:43","modified_gmt":"2018-01-17T11:01:43","slug":"tubes-rectangulaires","status":"publish","type":"product","link":"http:\/\/www.groupehage.bf\/?product=tubes-rectangulaires","title":{"rendered":"Tubes rectangulaires"},"content":{"rendered":"<p><strong>Profils creux carr\u00e9s &#8211; Ce profil est pli\u00e9\/soud\u00e9 avec de la t\u00f4le acier d&rsquo;usage courant (appel\u00e9e t\u00f4le noire, qualit\u00e9 lamin\u00e9 de construction normalis\u00e9 S 235 JR, S 275 JR ou S 355 JR ) &#8211; id\u00e9al pour renfort et support.<\/strong><\/p>\n<p>Disponible:\nDe 30 x 20 \u00e0 80 x 40\nDe 100 x 50 \u00e0 400 x 200<\/p>\n","protected":false},"excerpt":{"rendered":"<p><strong>Profils creux carr\u00e9s &#8211; Ce profil est pli\u00e9\/soud\u00e9 avec de la t\u00f4le acier d&rsquo;usage courant (appel\u00e9e t\u00f4le noire, qualit\u00e9 lamin\u00e9 de construction normalis\u00e9 S 235 JR, S 275 JR ou S 355 JR ) &#8211; id\u00e9al pour renfort et support.<\/strong><\/p>\n","protected":false},"featured_media":0,"comment_status":"open","ping_status":"closed","template":"","meta":[],"product_brand":[],"product_cat":[36],"product_tag":[],"class_list":{"0":"post-197","1":"product","2":"type-product","3":"status-publish","5":"product_cat-profiles-soudes","7":"first","8":"instock","9":"shipping-taxable","10":"product-type-simple"},"_links":{"self":[{"href":"http:\/\/www.groupehage.bf\/index.php?rest_route=\/wp\/v2\/product\/197","targetHints":{"allow":["GET"]}}],"collection":[{"href":"http:\/\/www.groupehage.bf\/index.php?rest_route=\/wp\/v2\/product"}],"about":[{"href":"http:\/\/www.groupehage.bf\/index.php?rest_route=\/wp\/v2\/types\/product"}],"replies":[{"embeddable":true,"href":"http:\/\/www.groupehage.bf\/index.php?rest_route=%2Fwp%2Fv2%2Fcomments&post=197"}],"version-history":[{"count":0,"href":"http:\/\/www.groupehage.bf\/index.php?rest_route=\/wp\/v2\/product\/197\/revisions"}],"wp:attachment":[{"href":"http:\/\/www.groupehage.bf\/index.php?rest_route=%2Fwp%2Fv2%2Fmedia&parent=197"}],"wp:term":[{"taxonomy":"product_brand","embeddable":true,"href":"http:\/\/www.groupehage.bf\/index.php?rest_route=%2Fwp%2Fv2%2Fproduct_brand&post=197"},{"taxonomy":"product_cat","embeddable":true,"href":"http:\/\/www.groupehage.bf\/index.php?rest_route=%2Fwp%2Fv2%2Fproduct_cat&post=197"},{"taxonomy":"product_tag","embeddable":true,"href":"http:\/\/www.groupehage.bf\/index.php?rest_route=%2Fwp%2Fv2%2Fproduct_tag&post=197"}],"curies":[{"name":"wp","href":"https:\/\/api.w.org\/{rel}","templated":true}]}}