{"id":226,"date":"2018-01-17T14:06:46","date_gmt":"2018-01-17T14:06:46","guid":{"rendered":"http:\/\/www.groupehage.bf\/?post_type=product&#038;p=226"},"modified":"2018-01-17T14:06:46","modified_gmt":"2018-01-17T14:06:46","slug":"profiles-en-u","status":"publish","type":"product","link":"http:\/\/www.groupehage.bf\/?product=profiles-en-u","title":{"rendered":"Profil\u00e9s en U"},"content":{"rendered":"<p>Profil\u00e9 UPE. Profil\u00e9 en U \u00e0 ailes parall\u00e8les d&rsquo;\u00e9paisseur constante.<\/p>\n<p>Le profil\u00e9 UPN se distingue du profil\u00e9 UPE par ses ailes inclin\u00e9es.\nProfil\u00e9s en U : disponibles pour faibles hauteurs.<\/p>\n<p><img decoding=\"async\" class=\"alignnone wp-image-228 size-full\" src=\"http:\/\/www.groupehage.bf-content\/uploads\/2018\/01\/sototoles-17022011200118-specprofilesouvertssotpng.png\" alt=\"\" width=\"425\" height=\"102\" srcset=\"http:\/\/www.groupehage.bf\/wp-content\/uploads\/2018\/01\/sototoles-17022011200118-specprofilesouvertssotpng.png 425w, http:\/\/www.groupehage.bf\/wp-content\/uploads\/2018\/01\/sototoles-17022011200118-specprofilesouvertssotpng-300x72.png 300w, http:\/\/www.groupehage.bf\/wp-content\/uploads\/2018\/01\/sototoles-17022011200118-specprofilesouvertssotpng-420x102.png 420w\" sizes=\"(max-width: 425px) 100vw, 425px\" \/><\/p>\n","protected":false},"excerpt":{"rendered":"<p>Profil\u00e9 UPE. Profil\u00e9 en U \u00e0 ailes parall\u00e8les d&rsquo;\u00e9paisseur constante. Le profil\u00e9 UPN se distingue du profil\u00e9 UPE par ses ailes inclin\u00e9es. Profil\u00e9s en U : disponibles pour faibles hauteurs.<\/p>\n","protected":false},"featured_media":0,"comment_status":"open","ping_status":"closed","template":"","meta":[],"product_brand":[],"product_cat":[35],"product_tag":[],"class_list":{"0":"post-226","1":"product","2":"type-product","3":"status-publish","5":"product_cat-profiles-ouverts","7":"first","8":"instock","9":"shipping-taxable","10":"product-type-simple"},"_links":{"self":[{"href":"http:\/\/www.groupehage.bf\/index.php?rest_route=\/wp\/v2\/product\/226","targetHints":{"allow":["GET"]}}],"collection":[{"href":"http:\/\/www.groupehage.bf\/index.php?rest_route=\/wp\/v2\/product"}],"about":[{"href":"http:\/\/www.groupehage.bf\/index.php?rest_route=\/wp\/v2\/types\/product"}],"replies":[{"embeddable":true,"href":"http:\/\/www.groupehage.bf\/index.php?rest_route=%2Fwp%2Fv2%2Fcomments&post=226"}],"version-history":[{"count":0,"href":"http:\/\/www.groupehage.bf\/index.php?rest_route=\/wp\/v2\/product\/226\/revisions"}],"wp:attachment":[{"href":"http:\/\/www.groupehage.bf\/index.php?rest_route=%2Fwp%2Fv2%2Fmedia&parent=226"}],"wp:term":[{"taxonomy":"product_brand","embeddable":true,"href":"http:\/\/www.groupehage.bf\/index.php?rest_route=%2Fwp%2Fv2%2Fproduct_brand&post=226"},{"taxonomy":"product_cat","embeddable":true,"href":"http:\/\/www.groupehage.bf\/index.php?rest_route=%2Fwp%2Fv2%2Fproduct_cat&post=226"},{"taxonomy":"product_tag","embeddable":true,"href":"http:\/\/www.groupehage.bf\/index.php?rest_route=%2Fwp%2Fv2%2Fproduct_tag&post=226"}],"curies":[{"name":"wp","href":"https:\/\/api.w.org\/{rel}","templated":true}]}}