{"id":234,"date":"2018-01-17T14:44:55","date_gmt":"2018-01-17T14:44:55","guid":{"rendered":"http:\/\/www.groupehage.bf\/?post_type=product&#038;p=234"},"modified":"2018-01-17T14:50:53","modified_gmt":"2018-01-17T14:50:53","slug":"z-de-40-ou-45","status":"publish","type":"product","link":"http:\/\/www.groupehage.bf\/?product=z-de-40-ou-45","title":{"rendered":"Z de 40 ou 45"},"content":{"rendered":"<p>Les profil\u00e9s Z et C sont des profil\u00e9s l\u00e9gers form\u00e9s \u00e0 froid en acier zingu\u00e9 galvanis\u00e9 \u00e0 chaud. La qualit\u00e9 sup\u00e9rieure de l&rsquo;acier dont ils sont fabriqu\u00e9s conf\u00e8re une r\u00e9sistance m\u00e9canique et une portance \u00e9lev\u00e9es. La rigidit\u00e9 et la r\u00e9sistance des profil\u00e9s permettent leur utilisation tant pour soutenir les panneaux de toiture que pour r\u00e9aliser la structure de r\u00e9sistance d&rsquo;une construction.<\/p>\n<p><img decoding=\"async\" class=\"alignnone size-medium wp-image-228\" src=\"http:\/\/www.groupehage.bf-content\/uploads\/2018\/01\/sototoles-17022011200118-specprofilesouvertssotpng-300x72.png\" alt=\"\" width=\"300\" height=\"72\" srcset=\"http:\/\/www.groupehage.bf\/wp-content\/uploads\/2018\/01\/sototoles-17022011200118-specprofilesouvertssotpng-300x72.png 300w, http:\/\/www.groupehage.bf\/wp-content\/uploads\/2018\/01\/sototoles-17022011200118-specprofilesouvertssotpng-420x102.png 420w, http:\/\/www.groupehage.bf\/wp-content\/uploads\/2018\/01\/sototoles-17022011200118-specprofilesouvertssotpng.png 425w\" sizes=\"(max-width: 300px) 100vw, 300px\" \/><\/p>\n","protected":false},"excerpt":{"rendered":"<p><img fetchpriority=\"high\" decoding=\"async\" class=\"alignnone size-medium wp-image-238\" src=\"http:\/\/www.groupehage.bf-content\/uploads\/2018\/01\/Profil_Z_1-300x214.jpg\" alt=\"\" width=\"300\" height=\"214\" srcset=\"http:\/\/www.groupehage.bf\/wp-content\/uploads\/2018\/01\/Profil_Z_1-300x214.jpg 300w, http:\/\/www.groupehage.bf\/wp-content\/uploads\/2018\/01\/Profil_Z_1-220x157.jpg 220w, http:\/\/www.groupehage.bf\/wp-content\/uploads\/2018\/01\/Profil_Z_1-280x200.jpg 280w, http:\/\/www.groupehage.bf\/wp-content\/uploads\/2018\/01\/Profil_Z_1.jpg 375w\" sizes=\"(max-width: 300px) 100vw, 300px\" \/><\/p>\n","protected":false},"featured_media":0,"comment_status":"open","ping_status":"closed","template":"","meta":[],"product_brand":[],"product_cat":[35],"product_tag":[],"class_list":{"0":"post-234","1":"product","2":"type-product","3":"status-publish","5":"product_cat-profiles-ouverts","7":"first","8":"instock","9":"shipping-taxable","10":"product-type-simple"},"_links":{"self":[{"href":"http:\/\/www.groupehage.bf\/index.php?rest_route=\/wp\/v2\/product\/234","targetHints":{"allow":["GET"]}}],"collection":[{"href":"http:\/\/www.groupehage.bf\/index.php?rest_route=\/wp\/v2\/product"}],"about":[{"href":"http:\/\/www.groupehage.bf\/index.php?rest_route=\/wp\/v2\/types\/product"}],"replies":[{"embeddable":true,"href":"http:\/\/www.groupehage.bf\/index.php?rest_route=%2Fwp%2Fv2%2Fcomments&post=234"}],"version-history":[{"count":1,"href":"http:\/\/www.groupehage.bf\/index.php?rest_route=\/wp\/v2\/product\/234\/revisions"}],"predecessor-version":[{"id":237,"href":"http:\/\/www.groupehage.bf\/index.php?rest_route=\/wp\/v2\/product\/234\/revisions\/237"}],"wp:attachment":[{"href":"http:\/\/www.groupehage.bf\/index.php?rest_route=%2Fwp%2Fv2%2Fmedia&parent=234"}],"wp:term":[{"taxonomy":"product_brand","embeddable":true,"href":"http:\/\/www.groupehage.bf\/index.php?rest_route=%2Fwp%2Fv2%2Fproduct_brand&post=234"},{"taxonomy":"product_cat","embeddable":true,"href":"http:\/\/www.groupehage.bf\/index.php?rest_route=%2Fwp%2Fv2%2Fproduct_cat&post=234"},{"taxonomy":"product_tag","embeddable":true,"href":"http:\/\/www.groupehage.bf\/index.php?rest_route=%2Fwp%2Fv2%2Fproduct_tag&post=234"}],"curies":[{"name":"wp","href":"https:\/\/api.w.org\/{rel}","templated":true}]}}