{"id":246,"date":"2018-01-17T15:53:25","date_gmt":"2018-01-17T15:53:25","guid":{"rendered":"http:\/\/www.groupehage.bf\/?post_type=product&#038;p=246"},"modified":"2018-01-17T15:53:25","modified_gmt":"2018-01-17T15:53:25","slug":"fils-de-fer-galvanises","status":"publish","type":"product","link":"http:\/\/www.groupehage.bf\/?product=fils-de-fer-galvanises","title":{"rendered":"Fils de fer galvanis\u00e9s"},"content":{"rendered":"<table class=\"techdata\">\n<tbody>\n<tr class=\"odd \">\n<th scope=\"row\">Mat\u00e9riau<\/th>\n<td>M\u00e9tal<\/td>\n<\/tr>\n<tr class=\"even \">\n<th scope=\"row\">Sp\u00e9cification du mat\u00e9riau<\/th>\n<td>Fer<\/td>\n<\/tr>\n<tr class=\"odd \">\n<th scope=\"row\">Traitement de la surface<\/th>\n<td>Galvanis\u00e9<\/td>\n<\/tr>\n<tr class=\"even \">\n<th scope=\"row\">\u00c9paisseur du mat\u00e9riau<\/th>\n<td>1.4 mm<\/td>\n<\/tr>\n<tr class=\"odd \">\n<th scope=\"row\">Longueur totale<\/th>\n<td>100 m<\/td>\n<\/tr>\n<tr class=\"even \">\n<th scope=\"row\">Unit\u00e9<\/th>\n<td>Anneau<\/td>\n<\/tr>\n<\/tbody>\n<\/table>\n","protected":false},"excerpt":{"rendered":"<p>Mat\u00e9riau M\u00e9tal Sp\u00e9cification du mat\u00e9riau Fer Traitement de la surface Galvanis\u00e9 \u00c9paisseur du mat\u00e9riau 1.4 mm Longueur totale 100 m Unit\u00e9 Anneau<\/p>\n","protected":false},"featured_media":0,"comment_status":"open","ping_status":"closed","template":"","meta":[],"product_brand":[],"product_cat":[39],"product_tag":[],"class_list":{"0":"post-246","1":"product","2":"type-product","3":"status-publish","5":"product_cat-fils-dattache","7":"first","8":"instock","9":"shipping-taxable","10":"product-type-simple"},"_links":{"self":[{"href":"http:\/\/www.groupehage.bf\/index.php?rest_route=\/wp\/v2\/product\/246","targetHints":{"allow":["GET"]}}],"collection":[{"href":"http:\/\/www.groupehage.bf\/index.php?rest_route=\/wp\/v2\/product"}],"about":[{"href":"http:\/\/www.groupehage.bf\/index.php?rest_route=\/wp\/v2\/types\/product"}],"replies":[{"embeddable":true,"href":"http:\/\/www.groupehage.bf\/index.php?rest_route=%2Fwp%2Fv2%2Fcomments&post=246"}],"version-history":[{"count":0,"href":"http:\/\/www.groupehage.bf\/index.php?rest_route=\/wp\/v2\/product\/246\/revisions"}],"wp:attachment":[{"href":"http:\/\/www.groupehage.bf\/index.php?rest_route=%2Fwp%2Fv2%2Fmedia&parent=246"}],"wp:term":[{"taxonomy":"product_brand","embeddable":true,"href":"http:\/\/www.groupehage.bf\/index.php?rest_route=%2Fwp%2Fv2%2Fproduct_brand&post=246"},{"taxonomy":"product_cat","embeddable":true,"href":"http:\/\/www.groupehage.bf\/index.php?rest_route=%2Fwp%2Fv2%2Fproduct_cat&post=246"},{"taxonomy":"product_tag","embeddable":true,"href":"http:\/\/www.groupehage.bf\/index.php?rest_route=%2Fwp%2Fv2%2Fproduct_tag&post=246"}],"curies":[{"name":"wp","href":"https:\/\/api.w.org\/{rel}","templated":true}]}}