{"id":266,"date":"2018-01-18T09:49:44","date_gmt":"2018-01-18T09:49:44","guid":{"rendered":"http:\/\/www.groupehage.bf\/?post_type=product&#038;p=266"},"modified":"2018-01-18T09:49:44","modified_gmt":"2018-01-18T09:49:44","slug":"clous-a-toles-lisses","status":"publish","type":"product","link":"http:\/\/www.groupehage.bf\/?product=clous-a-toles-lisses","title":{"rendered":"Clous \u00e0 t\u00f4les lisses"},"content":{"rendered":"<p>Carton de 50 Kg (sachet de 1 kg \u00e0 l\u2019int\u00e9rieur)\nUtilis\u00e9 pour fixation des t\u00f4les ondul\u00e9s galvanis\u00e9s<\/p>\n<p><img decoding=\"async\" class=\"alignnone wp-image-270 size-full\" src=\"http:\/\/www.groupehage.bf-content\/uploads\/2018\/01\/speccloustoles.png\" alt=\"\" width=\"453\" height=\"73\" srcset=\"http:\/\/www.groupehage.bf\/wp-content\/uploads\/2018\/01\/speccloustoles.png 453w, http:\/\/www.groupehage.bf\/wp-content\/uploads\/2018\/01\/speccloustoles-300x48.png 300w\" sizes=\"(max-width: 453px) 100vw, 453px\" \/><\/p>\n","protected":false},"excerpt":{"rendered":"<p><img decoding=\"async\" class=\"alignnone wp-image-270 size-full\" src=\"http:\/\/www.groupehage.bf-content\/uploads\/2018\/01\/speccloustoles.png\" alt=\"\" width=\"453\" height=\"73\" srcset=\"http:\/\/www.groupehage.bf\/wp-content\/uploads\/2018\/01\/speccloustoles.png 453w, http:\/\/www.groupehage.bf\/wp-content\/uploads\/2018\/01\/speccloustoles-300x48.png 300w\" sizes=\"(max-width: 453px) 100vw, 453px\" \/><\/p>\n","protected":false},"featured_media":0,"comment_status":"open","ping_status":"closed","template":"","meta":[],"product_brand":[],"product_cat":[34],"product_tag":[],"class_list":{"0":"post-266","1":"product","2":"type-product","3":"status-publish","5":"product_cat-clouteries","7":"first","8":"instock","9":"shipping-taxable","10":"product-type-simple"},"_links":{"self":[{"href":"http:\/\/www.groupehage.bf\/index.php?rest_route=\/wp\/v2\/product\/266","targetHints":{"allow":["GET"]}}],"collection":[{"href":"http:\/\/www.groupehage.bf\/index.php?rest_route=\/wp\/v2\/product"}],"about":[{"href":"http:\/\/www.groupehage.bf\/index.php?rest_route=\/wp\/v2\/types\/product"}],"replies":[{"embeddable":true,"href":"http:\/\/www.groupehage.bf\/index.php?rest_route=%2Fwp%2Fv2%2Fcomments&post=266"}],"version-history":[{"count":0,"href":"http:\/\/www.groupehage.bf\/index.php?rest_route=\/wp\/v2\/product\/266\/revisions"}],"wp:attachment":[{"href":"http:\/\/www.groupehage.bf\/index.php?rest_route=%2Fwp%2Fv2%2Fmedia&parent=266"}],"wp:term":[{"taxonomy":"product_brand","embeddable":true,"href":"http:\/\/www.groupehage.bf\/index.php?rest_route=%2Fwp%2Fv2%2Fproduct_brand&post=266"},{"taxonomy":"product_cat","embeddable":true,"href":"http:\/\/www.groupehage.bf\/index.php?rest_route=%2Fwp%2Fv2%2Fproduct_cat&post=266"},{"taxonomy":"product_tag","embeddable":true,"href":"http:\/\/www.groupehage.bf\/index.php?rest_route=%2Fwp%2Fv2%2Fproduct_tag&post=266"}],"curies":[{"name":"wp","href":"https:\/\/api.w.org\/{rel}","templated":true}]}}