{"id":279,"date":"2018-01-18T11:28:31","date_gmt":"2018-01-18T11:28:31","guid":{"rendered":"http:\/\/www.groupehage.bf\/?post_type=product&#038;p=279"},"modified":"2018-01-18T11:28:31","modified_gmt":"2018-01-18T11:28:31","slug":"fers-a-beton-lisses","status":"publish","type":"product","link":"http:\/\/www.groupehage.bf\/?product=fers-a-beton-lisses","title":{"rendered":"Fers \u00e0 b\u00e9ton lisses"},"content":{"rendered":"<h3 class=\"spip\">Aciers pour b\u00e9ton arm\u00e9<\/h3>\n<p><strong>Mode de sollicitation des aciers dans le b\u00e9ton arm\u00e9<\/strong><\/p>\n<p>Les barres d\u2019acier sont toujours enrob\u00e9es de b\u00e9ton et n\u2019ont entre elles que peu de contacts. Les charges sont appliqu\u00e9es au b\u00e9ton et c\u2019est le b\u00e9ton qui transmet ces charges aux aciers.<\/p>\n<p><strong>Forme optimale<\/strong><\/p>\n<p>C\u2019est la forme ronde\u00a0:<\/p>\n<ul class=\"spip\">\n<li>car lors de la mise en \u0153uvre, le b\u00e9ton doit pouvoir remplir le plus possible de volume qui lui est offert. Cette condition est plus facile \u00e0 remplir quand la section est plus ramass\u00e9e que si l\u2019armature pr\u00e9sente des angles vifs\u00a0;<\/li>\n<li>lorsque la barre est pli\u00e9e, la forme de cette section ne doit pas tellement changer\u00a0;<\/li>\n<li>on d\u00e9montre que l\u2019adh\u00e9rence b\u00e9ton-acier est meilleure pour les barres \u00e0 section ramass\u00e9e que pour les autres.<\/li>\n<\/ul>\n<p><strong>Ductivit\u00e9<\/strong><\/p>\n<p>C\u2019est un caract\u00e8re important des aciers pour l\u2019armature, c\u2019est son caract\u00e8re \u00e0 \u00eatre maniable (d\u00e9formable) parce que les aciers livr\u00e9s par les usines sont en barre or dans un ouvrage on doit fa\u00e7onner les armatures pour leur donner la forme convenable. Ce pliage \u00e0 froid ne doit pas occasionner de dommage sur la qualit\u00e9 de l\u2019acier donc cet acier doit avoir une certaine ductivit\u00e9.<\/p>\n<p><strong>Limite d\u2019\u00e9lasticit\u00e9 des aciers<\/strong><\/p>\n<p>Les constructeurs font toujours travailler les barres d\u2019acier \u00e0 un taux inf\u00e9rieur ou \u00e9gal \u00e0 la limite d\u2019\u00e9lasticit\u00e9 de cet acier. La raison principale est la suivante \u00ab\u00a0l\u2019allongement dans le sens de l\u2019effort d\u2019une barre s\u2019accompagne toujours d\u2019une contraction transversale\u00a0\u00bb. En cons\u00e9quence si la limite \u00e9lastique de l\u2019acier est d\u00e9pass\u00e9e, la contraction transversale est tr\u00e8s importante et l\u2019armature n\u2019est plus adapt\u00e9e \u00e0 sa gaine de b\u00e9ton. Ce qui diminue consid\u00e9rablement l\u2019adh\u00e9rence acier-b\u00e9ton. D\u00e8s lors la construction p\u00e9rira \u00e0 cause de ce manque d\u2019adh\u00e9rence.<\/p>\n<p>&nbsp;<\/p>\n<p><img decoding=\"async\" class=\"alignnone wp-image-280 size-full\" src=\"http:\/\/www.groupehage.bf-content\/uploads\/2018\/01\/sototoles-17022011113818-specificationsfersabeton.png\" alt=\"\" width=\"420\" height=\"109\" srcset=\"http:\/\/www.groupehage.bf\/wp-content\/uploads\/2018\/01\/sototoles-17022011113818-specificationsfersabeton.png 420w, http:\/\/www.groupehage.bf\/wp-content\/uploads\/2018\/01\/sototoles-17022011113818-specificationsfersabeton-300x78.png 300w\" sizes=\"(max-width: 420px) 100vw, 420px\" \/><\/p>\n","protected":false},"excerpt":{"rendered":"<p><img decoding=\"async\" class=\"alignnone size-medium wp-image-280\" src=\"http:\/\/www.groupehage.bf-content\/uploads\/2018\/01\/sototoles-17022011113818-specificationsfersabeton-300x78.png\" alt=\"\" width=\"300\" height=\"78\" srcset=\"http:\/\/www.groupehage.bf\/wp-content\/uploads\/2018\/01\/sototoles-17022011113818-specificationsfersabeton-300x78.png 300w, http:\/\/www.groupehage.bf\/wp-content\/uploads\/2018\/01\/sototoles-17022011113818-specificationsfersabeton.png 420w\" sizes=\"(max-width: 300px) 100vw, 300px\" \/><\/p>\n","protected":false},"featured_media":0,"comment_status":"open","ping_status":"closed","template":"","meta":[],"product_brand":[],"product_cat":[37],"product_tag":[],"class_list":{"0":"post-279","1":"product","2":"type-product","3":"status-publish","5":"product_cat-fers-a-beton","7":"first","8":"instock","9":"shipping-taxable","10":"product-type-simple"},"_links":{"self":[{"href":"http:\/\/www.groupehage.bf\/index.php?rest_route=\/wp\/v2\/product\/279","targetHints":{"allow":["GET"]}}],"collection":[{"href":"http:\/\/www.groupehage.bf\/index.php?rest_route=\/wp\/v2\/product"}],"about":[{"href":"http:\/\/www.groupehage.bf\/index.php?rest_route=\/wp\/v2\/types\/product"}],"replies":[{"embeddable":true,"href":"http:\/\/www.groupehage.bf\/index.php?rest_route=%2Fwp%2Fv2%2Fcomments&post=279"}],"version-history":[{"count":0,"href":"http:\/\/www.groupehage.bf\/index.php?rest_route=\/wp\/v2\/product\/279\/revisions"}],"wp:attachment":[{"href":"http:\/\/www.groupehage.bf\/index.php?rest_route=%2Fwp%2Fv2%2Fmedia&parent=279"}],"wp:term":[{"taxonomy":"product_brand","embeddable":true,"href":"http:\/\/www.groupehage.bf\/index.php?rest_route=%2Fwp%2Fv2%2Fproduct_brand&post=279"},{"taxonomy":"product_cat","embeddable":true,"href":"http:\/\/www.groupehage.bf\/index.php?rest_route=%2Fwp%2Fv2%2Fproduct_cat&post=279"},{"taxonomy":"product_tag","embeddable":true,"href":"http:\/\/www.groupehage.bf\/index.php?rest_route=%2Fwp%2Fv2%2Fproduct_tag&post=279"}],"curies":[{"name":"wp","href":"https:\/\/api.w.org\/{rel}","templated":true}]}}