{"id":290,"date":"2018-01-18T14:32:53","date_gmt":"2018-01-18T14:32:53","guid":{"rendered":"http:\/\/www.groupehage.bf\/?post_type=product&#038;p=290"},"modified":"2018-01-18T14:42:35","modified_gmt":"2018-01-18T14:42:35","slug":"ascenceur-de-charges","status":"publish","type":"product","link":"http:\/\/www.groupehage.bf\/?product=ascenceur-de-charges","title":{"rendered":"Ascenceur de charges"},"content":{"rendered":"<p>Jusqu\u2019\u00e0 5 tonnes (et plus sur \u00e9tude), nous vous proposons des ascenseurs de charge ou \u2018\u2019monte-charge\u2019\u2019 destin\u00e9s au transports de mat\u00e9riels, des personnes et de vos moyens de manutention (transpalette, chariot \u00e9l\u00e9vateur\u2026) .\nCes monte-charge, dont la conception est \u00e9tudi\u00e9e selon vos besoins, sont renforc\u00e9s (structure, motorisation, habillage cabine et portes), peuvent atteindre de tr\u00e8s grandes dimensions de cabine (L x P x H).\nLes mat\u00e9riaux utilis\u00e9s pour leur fabrication varient selon vos besoins : grande distribution, logistique, industrie, agro-alimentaire, viticulture\u2026.<\/p>\n<p>Caract\u00e9ristiques : 600 &#8211; 5000 kg, vitesse 0.50 &#8211; 2m\/sec<\/p>\n<p><img fetchpriority=\"high\" decoding=\"async\" class=\"alignnone size-medium wp-image-293\" src=\"http:\/\/www.groupehage.bf-content\/uploads\/2018\/01\/monte-charge-01_web-240x300.jpg\" alt=\"\" width=\"240\" height=\"300\" srcset=\"http:\/\/www.groupehage.bf\/wp-content\/uploads\/2018\/01\/monte-charge-01_web-240x300.jpg 240w, http:\/\/www.groupehage.bf\/wp-content\/uploads\/2018\/01\/monte-charge-01_web.jpg 395w\" sizes=\"(max-width: 240px) 100vw, 240px\" \/><\/p>\n","protected":false},"excerpt":{"rendered":"<p>Caract\u00e9ristiques\u00a0: 600 &#8211; 5000 kg, vitesse 0.50 &#8211; 2m\/sec<\/p>\n","protected":false},"featured_media":0,"comment_status":"open","ping_status":"closed","template":"","meta":[],"product_brand":[],"product_cat":[40],"product_tag":[],"class_list":{"0":"post-290","1":"product","2":"type-product","3":"status-publish","5":"product_cat-ascenseurs","7":"first","8":"instock","9":"shipping-taxable","10":"product-type-simple"},"_links":{"self":[{"href":"http:\/\/www.groupehage.bf\/index.php?rest_route=\/wp\/v2\/product\/290","targetHints":{"allow":["GET"]}}],"collection":[{"href":"http:\/\/www.groupehage.bf\/index.php?rest_route=\/wp\/v2\/product"}],"about":[{"href":"http:\/\/www.groupehage.bf\/index.php?rest_route=\/wp\/v2\/types\/product"}],"replies":[{"embeddable":true,"href":"http:\/\/www.groupehage.bf\/index.php?rest_route=%2Fwp%2Fv2%2Fcomments&post=290"}],"version-history":[{"count":1,"href":"http:\/\/www.groupehage.bf\/index.php?rest_route=\/wp\/v2\/product\/290\/revisions"}],"predecessor-version":[{"id":294,"href":"http:\/\/www.groupehage.bf\/index.php?rest_route=\/wp\/v2\/product\/290\/revisions\/294"}],"wp:attachment":[{"href":"http:\/\/www.groupehage.bf\/index.php?rest_route=%2Fwp%2Fv2%2Fmedia&parent=290"}],"wp:term":[{"taxonomy":"product_brand","embeddable":true,"href":"http:\/\/www.groupehage.bf\/index.php?rest_route=%2Fwp%2Fv2%2Fproduct_brand&post=290"},{"taxonomy":"product_cat","embeddable":true,"href":"http:\/\/www.groupehage.bf\/index.php?rest_route=%2Fwp%2Fv2%2Fproduct_cat&post=290"},{"taxonomy":"product_tag","embeddable":true,"href":"http:\/\/www.groupehage.bf\/index.php?rest_route=%2Fwp%2Fv2%2Fproduct_tag&post=290"}],"curies":[{"name":"wp","href":"https:\/\/api.w.org\/{rel}","templated":true}]}}