{"id":297,"date":"2018-01-18T15:23:44","date_gmt":"2018-01-18T15:23:44","guid":{"rendered":"http:\/\/www.groupehage.bf\/?post_type=product&#038;p=297"},"modified":"2018-01-18T15:23:44","modified_gmt":"2018-01-18T15:23:44","slug":"faux-plafonds-a-lames-daluminium","status":"publish","type":"product","link":"http:\/\/www.groupehage.bf\/?product=faux-plafonds-a-lames-daluminium","title":{"rendered":"Faux Plafonds \u00e0 lames d\u2019Aluminium"},"content":{"rendered":"<p><span id=\"product-description-js_1509893\" class=\"product-description-js\">\u2022 Con\u00e7ue pour \u00eatre clipp\u00e9e sur une ossature cach\u00e9e.\n\u2022 La lame est \u00e0 bords arrondis.\n\u2022 L&rsquo;intervalle ouvert entre lames peut \u00eatre de 5 ou de 15 mm.\n\u2022 Des profils interlames de coloris identiques ou diff\u00e9rents permettent de cacher\nles intervalles de 15 mm ou de m\u00e9nager un joint creux ferm\u00e9.\nLes + produits\n\u2022 Economique et simple \u00e0 installer.\n\u2022 Permet des longueurs importantes.\n\u2022 Un aspect directionnel adouci.\n\u2022 Disponible dans de nombreux coloris.\n\u2022 Pose sous auvent ext\u00e9rieur possible sous certaines conditions<\/span><\/p>\n<p>&nbsp;<\/p>\n","protected":false},"excerpt":{"rendered":"<p>\u2022 Con\u00e7ue pour \u00eatre clipp\u00e9e sur une ossature cach\u00e9e. \u2022 La lame est \u00e0 bords arrondis. \u2022 L&rsquo;intervalle ouvert entre lames peut \u00eatre de 5 ou de 15 mm. \u2022 Des profils interlames de coloris identiques ou diff\u00e9rents permettent de cacher les intervalles de 15 mm ou de m\u00e9nager un joint creux ferm\u00e9. Les + produits \u2022 Economique et simple \u00e0 installer. \u2022 Permet des longueurs importantes. \u2022 Un aspect directionnel adouci. \u2022 Disponible dans de nombreux coloris. \u2022 Pose sous auvent ext\u00e9rieur possible sous certaines conditions &nbsp;<\/p>\n","protected":false},"featured_media":0,"comment_status":"open","ping_status":"closed","template":"","meta":[],"product_brand":[],"product_cat":[38],"product_tag":[],"class_list":{"0":"post-297","1":"product","2":"type-product","3":"status-publish","5":"product_cat-faux-plafonds","7":"first","8":"instock","9":"shipping-taxable","10":"product-type-simple"},"_links":{"self":[{"href":"http:\/\/www.groupehage.bf\/index.php?rest_route=\/wp\/v2\/product\/297","targetHints":{"allow":["GET"]}}],"collection":[{"href":"http:\/\/www.groupehage.bf\/index.php?rest_route=\/wp\/v2\/product"}],"about":[{"href":"http:\/\/www.groupehage.bf\/index.php?rest_route=\/wp\/v2\/types\/product"}],"replies":[{"embeddable":true,"href":"http:\/\/www.groupehage.bf\/index.php?rest_route=%2Fwp%2Fv2%2Fcomments&post=297"}],"version-history":[{"count":1,"href":"http:\/\/www.groupehage.bf\/index.php?rest_route=\/wp\/v2\/product\/297\/revisions"}],"predecessor-version":[{"id":301,"href":"http:\/\/www.groupehage.bf\/index.php?rest_route=\/wp\/v2\/product\/297\/revisions\/301"}],"wp:attachment":[{"href":"http:\/\/www.groupehage.bf\/index.php?rest_route=%2Fwp%2Fv2%2Fmedia&parent=297"}],"wp:term":[{"taxonomy":"product_brand","embeddable":true,"href":"http:\/\/www.groupehage.bf\/index.php?rest_route=%2Fwp%2Fv2%2Fproduct_brand&post=297"},{"taxonomy":"product_cat","embeddable":true,"href":"http:\/\/www.groupehage.bf\/index.php?rest_route=%2Fwp%2Fv2%2Fproduct_cat&post=297"},{"taxonomy":"product_tag","embeddable":true,"href":"http:\/\/www.groupehage.bf\/index.php?rest_route=%2Fwp%2Fv2%2Fproduct_tag&post=297"}],"curies":[{"name":"wp","href":"https:\/\/api.w.org\/{rel}","templated":true}]}}