{"id":304,"date":"2018-01-18T15:58:30","date_gmt":"2018-01-18T15:58:30","guid":{"rendered":"http:\/\/www.groupehage.bf\/?post_type=product&#038;p=304"},"modified":"2018-01-18T15:58:30","modified_gmt":"2018-01-18T15:58:30","slug":"climatiseurs-de-type-mural","status":"publish","type":"product","link":"http:\/\/www.groupehage.bf\/?product=climatiseurs-de-type-mural","title":{"rendered":"Climatiseurs de type  mural"},"content":{"rendered":"<p>Le climatiseur fixe\/mural est le climatiseur le plus classique de tous et aussi le plus performant. Peu volumineux, il s\u2019int\u00e8gre parfaitement \u00e0 votre int\u00e9rieur et se fait le plus discret possible car il est ultrasilencieux.<\/p>\n<p>Chaque unit\u00e9 a son propre ventilateur et est reli\u00e9e aux autres par un tuyau souple qui est dissimul\u00e9 dans les murs. Le climatiseur fixe <strong>demande quelques travaux pour son installation.<\/strong> L\u2019unit\u00e9 ext\u00e9rieure se charge d\u2019\u00e9vacuer l\u2019air chaud venant de l\u2019int\u00e9rieur alors que l\u2019unit\u00e9 int\u00e9rieure se charge de diffuser l\u2019air rafra\u00eechi dans la pi\u00e8ce.<\/p>\n","protected":false},"excerpt":{"rendered":"<p>Le climatiseur fixe\/mural est le climatiseur le plus classique de tous et aussi le plus performant. Peu volumineux, il s\u2019int\u00e8gre parfaitement \u00e0 votre int\u00e9rieur et se fait le plus discret possible car il est ultrasilencieux.<\/p>\n","protected":false},"featured_media":0,"comment_status":"open","ping_status":"closed","template":"","meta":[],"product_brand":[],"product_cat":[31],"product_tag":[],"class_list":{"0":"post-304","1":"product","2":"type-product","3":"status-publish","5":"product_cat-climatiseur","7":"first","8":"instock","9":"shipping-taxable","10":"product-type-simple"},"_links":{"self":[{"href":"http:\/\/www.groupehage.bf\/index.php?rest_route=\/wp\/v2\/product\/304","targetHints":{"allow":["GET"]}}],"collection":[{"href":"http:\/\/www.groupehage.bf\/index.php?rest_route=\/wp\/v2\/product"}],"about":[{"href":"http:\/\/www.groupehage.bf\/index.php?rest_route=\/wp\/v2\/types\/product"}],"replies":[{"embeddable":true,"href":"http:\/\/www.groupehage.bf\/index.php?rest_route=%2Fwp%2Fv2%2Fcomments&post=304"}],"version-history":[{"count":1,"href":"http:\/\/www.groupehage.bf\/index.php?rest_route=\/wp\/v2\/product\/304\/revisions"}],"predecessor-version":[{"id":308,"href":"http:\/\/www.groupehage.bf\/index.php?rest_route=\/wp\/v2\/product\/304\/revisions\/308"}],"wp:attachment":[{"href":"http:\/\/www.groupehage.bf\/index.php?rest_route=%2Fwp%2Fv2%2Fmedia&parent=304"}],"wp:term":[{"taxonomy":"product_brand","embeddable":true,"href":"http:\/\/www.groupehage.bf\/index.php?rest_route=%2Fwp%2Fv2%2Fproduct_brand&post=304"},{"taxonomy":"product_cat","embeddable":true,"href":"http:\/\/www.groupehage.bf\/index.php?rest_route=%2Fwp%2Fv2%2Fproduct_cat&post=304"},{"taxonomy":"product_tag","embeddable":true,"href":"http:\/\/www.groupehage.bf\/index.php?rest_route=%2Fwp%2Fv2%2Fproduct_tag&post=304"}],"curies":[{"name":"wp","href":"https:\/\/api.w.org\/{rel}","templated":true}]}}