{"id":310,"date":"2018-01-18T16:22:50","date_gmt":"2018-01-18T16:22:50","guid":{"rendered":"http:\/\/www.groupehage.bf\/?post_type=product&#038;p=310"},"modified":"2018-01-18T16:22:50","modified_gmt":"2018-01-18T16:22:50","slug":"climatiseurs-de-type-convertible","status":"publish","type":"product","link":"http:\/\/www.groupehage.bf\/?product=climatiseurs-de-type-convertible","title":{"rendered":"Climatiseurs de type convertible"},"content":{"rendered":"<h2 class=\"titre_h2\">Comment fonctionne un climatiseur r\u00e9versible ?<\/h2>\n<p>Un climatiseur fonctionne comme un r\u00e9frig\u00e9rateur puisqu\u2019il produit du froid et \u00e9vacue la chaleur. Dans le cas d\u2019un climatiseur r\u00e9versible, il est possible <strong>d\u2019inverser le syst\u00e8me<\/strong> en<strong> produisant de la chaleur<\/strong> tout en \u00e9vacuant l\u2019air froid. Dans le cas d\u2019un climatiseur monosplit ou multisplit r\u00e9versible, le liquide frigorig\u00e8ne traverse les unit\u00e9s int\u00e9rieures pour absorber la chaleur de la pi\u00e8ce. Celle-ci est transport\u00e9e vers l\u2019unit\u00e9 ext\u00e9rieure qui se chargera de l\u2019\u00e9vacuer. Pour produire de l\u2019air chaud, le principe est invers\u00e9. Le climatiseur r\u00e9versible fait donc office de climatiseur en \u00e9t\u00e9 mais de chauffage en hiver. M\u00eame si les mod\u00e8les split sont plus performants, il est possible de trouver des climatiseurs monobloc r\u00e9versibles sur le march\u00e9.<\/p>\n","protected":false},"excerpt":{"rendered":"<p><strong>Un climatiseur se dit convertible lorsqu\u2019en plus de produire de l\u2019air froid, il permet aussi de chauffer l\u2019int\u00e9rieur de votre logement. Appel\u00e9 aussi pompe \u00e0 chaleur air\/air, il est tr\u00e8s performant lorsque les temp\u00e9ratures ext\u00e9rieures restent douces. En cas de grand froid, il est n\u00e9cessaire de le coupler \u00e0 un autre syst\u00e8me de chauffage.<\/strong><\/p>\n","protected":false},"featured_media":0,"comment_status":"open","ping_status":"closed","template":"","meta":[],"product_brand":[],"product_cat":[31],"product_tag":[],"class_list":{"0":"post-310","1":"product","2":"type-product","3":"status-publish","5":"product_cat-climatiseur","7":"first","8":"instock","9":"shipping-taxable","10":"product-type-simple"},"_links":{"self":[{"href":"http:\/\/www.groupehage.bf\/index.php?rest_route=\/wp\/v2\/product\/310","targetHints":{"allow":["GET"]}}],"collection":[{"href":"http:\/\/www.groupehage.bf\/index.php?rest_route=\/wp\/v2\/product"}],"about":[{"href":"http:\/\/www.groupehage.bf\/index.php?rest_route=\/wp\/v2\/types\/product"}],"replies":[{"embeddable":true,"href":"http:\/\/www.groupehage.bf\/index.php?rest_route=%2Fwp%2Fv2%2Fcomments&post=310"}],"version-history":[{"count":0,"href":"http:\/\/www.groupehage.bf\/index.php?rest_route=\/wp\/v2\/product\/310\/revisions"}],"wp:attachment":[{"href":"http:\/\/www.groupehage.bf\/index.php?rest_route=%2Fwp%2Fv2%2Fmedia&parent=310"}],"wp:term":[{"taxonomy":"product_brand","embeddable":true,"href":"http:\/\/www.groupehage.bf\/index.php?rest_route=%2Fwp%2Fv2%2Fproduct_brand&post=310"},{"taxonomy":"product_cat","embeddable":true,"href":"http:\/\/www.groupehage.bf\/index.php?rest_route=%2Fwp%2Fv2%2Fproduct_cat&post=310"},{"taxonomy":"product_tag","embeddable":true,"href":"http:\/\/www.groupehage.bf\/index.php?rest_route=%2Fwp%2Fv2%2Fproduct_tag&post=310"}],"curies":[{"name":"wp","href":"https:\/\/api.w.org\/{rel}","templated":true}]}}