{"id":333,"date":"2018-01-18T17:40:31","date_gmt":"2018-01-18T17:40:31","guid":{"rendered":"http:\/\/www.groupehage.bf\/?post_type=product&#038;p=333"},"modified":"2018-01-18T17:40:31","modified_gmt":"2018-01-18T17:40:31","slug":"jessi-fer","status":"publish","type":"product","link":"http:\/\/www.groupehage.bf\/?product=jessi-fer","title":{"rendered":"JESSI FER"},"content":{"rendered":"<p><strong>Peindre du fer<\/strong> est toujours une \u00e9tape d\u00e9licate. En effet, la <strong>peinture d\u2019un portail en fer<\/strong> n\u00e9cessite une m\u00e9thode bien sp\u00e9cifique, mais aussi une peinture adapt\u00e9e.<\/p>\n<p><img decoding=\"async\" class=\"size-medium wp-image-330\" src=\"http:\/\/www.groupehage.bf-content\/uploads\/2018\/01\/20180118_164036-300x162.jpg\" alt=\"\" width=\"300\" height=\"162\" srcset=\"http:\/\/www.groupehage.bf\/wp-content\/uploads\/2018\/01\/20180118_164036-300x162.jpg 300w, http:\/\/www.groupehage.bf\/wp-content\/uploads\/2018\/01\/20180118_164036-600x324.jpg 600w, http:\/\/www.groupehage.bf\/wp-content\/uploads\/2018\/01\/20180118_164036-768x415.jpg 768w, http:\/\/www.groupehage.bf\/wp-content\/uploads\/2018\/01\/20180118_164036-1024x553.jpg 1024w, http:\/\/www.groupehage.bf\/wp-content\/uploads\/2018\/01\/20180118_164036-860x464.jpg 860w, http:\/\/www.groupehage.bf\/wp-content\/uploads\/2018\/01\/20180118_164036-590x320.jpg 590w\" sizes=\"(max-width: 300px) 100vw, 300px\" \/><\/p>\n","protected":false},"excerpt":{"rendered":"<p><strong>Peindre du fer<\/strong> est toujours une \u00e9tape d\u00e9licate. En effet, la <strong>peinture d\u2019un portail en fer<\/strong> n\u00e9cessite une m\u00e9thode bien sp\u00e9cifique, mais aussi une peinture adapt\u00e9e.<\/p>\n","protected":false},"featured_media":0,"comment_status":"open","ping_status":"closed","template":"","meta":[],"product_brand":[],"product_cat":[21],"product_tag":[],"class_list":{"0":"post-333","1":"product","2":"type-product","3":"status-publish","5":"product_cat-peinture","7":"first","8":"instock","9":"shipping-taxable","10":"product-type-simple"},"_links":{"self":[{"href":"http:\/\/www.groupehage.bf\/index.php?rest_route=\/wp\/v2\/product\/333","targetHints":{"allow":["GET"]}}],"collection":[{"href":"http:\/\/www.groupehage.bf\/index.php?rest_route=\/wp\/v2\/product"}],"about":[{"href":"http:\/\/www.groupehage.bf\/index.php?rest_route=\/wp\/v2\/types\/product"}],"replies":[{"embeddable":true,"href":"http:\/\/www.groupehage.bf\/index.php?rest_route=%2Fwp%2Fv2%2Fcomments&post=333"}],"version-history":[{"count":0,"href":"http:\/\/www.groupehage.bf\/index.php?rest_route=\/wp\/v2\/product\/333\/revisions"}],"wp:attachment":[{"href":"http:\/\/www.groupehage.bf\/index.php?rest_route=%2Fwp%2Fv2%2Fmedia&parent=333"}],"wp:term":[{"taxonomy":"product_brand","embeddable":true,"href":"http:\/\/www.groupehage.bf\/index.php?rest_route=%2Fwp%2Fv2%2Fproduct_brand&post=333"},{"taxonomy":"product_cat","embeddable":true,"href":"http:\/\/www.groupehage.bf\/index.php?rest_route=%2Fwp%2Fv2%2Fproduct_cat&post=333"},{"taxonomy":"product_tag","embeddable":true,"href":"http:\/\/www.groupehage.bf\/index.php?rest_route=%2Fwp%2Fv2%2Fproduct_tag&post=333"}],"curies":[{"name":"wp","href":"https:\/\/api.w.org\/{rel}","templated":true}]}}