{"id":335,"date":"2018-01-18T17:44:17","date_gmt":"2018-01-18T17:44:17","guid":{"rendered":"http:\/\/www.groupehage.bf\/?post_type=product&#038;p=335"},"modified":"2018-01-18T17:45:06","modified_gmt":"2018-01-18T17:45:06","slug":"jessi-frotasse","status":"publish","type":"product","link":"http:\/\/www.groupehage.bf\/?product=jessi-frotasse","title":{"rendered":"JESSI FROTASSE"},"content":{"rendered":"<p>En quelques gestes simples et avec les outils adapt\u00e9s, de multiples aspects, mats ou iris\u00e9s, naturels ou plus sophistiqu\u00e9s, donnent le ton. La seule vraie limite est celle de l&rsquo;imagination.<\/p>\n<div id=\"attachment_330\" style=\"width: 310px\" class=\"wp-caption alignnone\"><img decoding=\"async\" aria-describedby=\"caption-attachment-330\" class=\"size-medium wp-image-330\" src=\"http:\/\/www.groupehage.bf-content\/uploads\/2018\/01\/20180118_164036-300x162.jpg\" alt=\"\" width=\"300\" height=\"162\" srcset=\"http:\/\/www.groupehage.bf\/wp-content\/uploads\/2018\/01\/20180118_164036-300x162.jpg 300w, http:\/\/www.groupehage.bf\/wp-content\/uploads\/2018\/01\/20180118_164036-600x324.jpg 600w, http:\/\/www.groupehage.bf\/wp-content\/uploads\/2018\/01\/20180118_164036-768x415.jpg 768w, http:\/\/www.groupehage.bf\/wp-content\/uploads\/2018\/01\/20180118_164036-1024x553.jpg 1024w, http:\/\/www.groupehage.bf\/wp-content\/uploads\/2018\/01\/20180118_164036-860x464.jpg 860w, http:\/\/www.groupehage.bf\/wp-content\/uploads\/2018\/01\/20180118_164036-590x320.jpg 590w\" sizes=\"(max-width: 300px) 100vw, 300px\" \/><p id=\"caption-attachment-330\" class=\"wp-caption-text\">?<\/p><\/div>\n","protected":false},"excerpt":{"rendered":"<p>En quelques gestes simples et avec les outils adapt\u00e9s, de multiples aspects, mats ou iris\u00e9s, naturels ou plus sophistiqu\u00e9s, donnent le ton. La seule vraie limite est celle de l&rsquo;imagination.<\/p>\n","protected":false},"featured_media":0,"comment_status":"open","ping_status":"closed","template":"","meta":[],"product_brand":[],"product_cat":[21],"product_tag":[],"class_list":{"0":"post-335","1":"product","2":"type-product","3":"status-publish","5":"product_cat-peinture","7":"first","8":"instock","9":"shipping-taxable","10":"product-type-simple"},"_links":{"self":[{"href":"http:\/\/www.groupehage.bf\/index.php?rest_route=\/wp\/v2\/product\/335","targetHints":{"allow":["GET"]}}],"collection":[{"href":"http:\/\/www.groupehage.bf\/index.php?rest_route=\/wp\/v2\/product"}],"about":[{"href":"http:\/\/www.groupehage.bf\/index.php?rest_route=\/wp\/v2\/types\/product"}],"replies":[{"embeddable":true,"href":"http:\/\/www.groupehage.bf\/index.php?rest_route=%2Fwp%2Fv2%2Fcomments&post=335"}],"version-history":[{"count":0,"href":"http:\/\/www.groupehage.bf\/index.php?rest_route=\/wp\/v2\/product\/335\/revisions"}],"wp:attachment":[{"href":"http:\/\/www.groupehage.bf\/index.php?rest_route=%2Fwp%2Fv2%2Fmedia&parent=335"}],"wp:term":[{"taxonomy":"product_brand","embeddable":true,"href":"http:\/\/www.groupehage.bf\/index.php?rest_route=%2Fwp%2Fv2%2Fproduct_brand&post=335"},{"taxonomy":"product_cat","embeddable":true,"href":"http:\/\/www.groupehage.bf\/index.php?rest_route=%2Fwp%2Fv2%2Fproduct_cat&post=335"},{"taxonomy":"product_tag","embeddable":true,"href":"http:\/\/www.groupehage.bf\/index.php?rest_route=%2Fwp%2Fv2%2Fproduct_tag&post=335"}],"curies":[{"name":"wp","href":"https:\/\/api.w.org\/{rel}","templated":true}]}}