{"id":436,"date":"2018-01-23T15:56:46","date_gmt":"2018-01-23T15:56:46","guid":{"rendered":"http:\/\/www.groupehage.bf\/?post_type=product&#038;p=436"},"modified":"2026-05-02T02:00:23","modified_gmt":"2026-05-02T02:00:23","slug":"boites-electriques-et-connecteurs","status":"publish","type":"product","link":"http:\/\/www.groupehage.bf\/?product=boites-electriques-et-connecteurs","title":{"rendered":"Bo\u00eetes \u00e9lectriques et connecteurs"},"content":{"rendered":"<p>Bo\u00eetes (99)\nConduits (14)\nRaccords et connecteurs (171)\nAttaches (41)\nCompteurs (4)\nVoir tout (500)<\/p>\n","protected":false},"excerpt":{"rendered":"<p><img fetchpriority=\"high\" decoding=\"async\" class=\"alignnone size-medium wp-image-438\" src=\"http:\/\/www.groupehage.bf-content\/uploads\/2018\/01\/74142-300x253.jpg\" alt=\"\" width=\"300\" height=\"253\" \/> <img decoding=\"async\" class=\"alignnone size-medium wp-image-437\" src=\"http:\/\/www.groupehage.bf-content\/uploads\/2018\/01\/Serie-222-dans-boite-de-derivation-300x214.png\" alt=\"\" width=\"300\" height=\"214\" srcset=\"http:\/\/www.groupehage.bf\/wp-content\/uploads\/2018\/01\/Serie-222-dans-boite-de-derivation-300x214.png 300w, http:\/\/www.groupehage.bf\/wp-content\/uploads\/2018\/01\/Serie-222-dans-boite-de-derivation-600x429.png 600w, http:\/\/www.groupehage.bf\/wp-content\/uploads\/2018\/01\/Serie-222-dans-boite-de-derivation-768x549.png 768w, http:\/\/www.groupehage.bf\/wp-content\/uploads\/2018\/01\/Serie-222-dans-boite-de-derivation-1024x732.png 1024w, http:\/\/www.groupehage.bf\/wp-content\/uploads\/2018\/01\/Serie-222-dans-boite-de-derivation-860x615.png 860w, http:\/\/www.groupehage.bf\/wp-content\/uploads\/2018\/01\/Serie-222-dans-boite-de-derivation-420x300.png 420w, http:\/\/www.groupehage.bf\/wp-content\/uploads\/2018\/01\/Serie-222-dans-boite-de-derivation-220x157.png 220w, http:\/\/www.groupehage.bf\/wp-content\/uploads\/2018\/01\/Serie-222-dans-boite-de-derivation-280x200.png 280w, http:\/\/www.groupehage.bf\/wp-content\/uploads\/2018\/01\/Serie-222-dans-boite-de-derivation.png 1655w\" sizes=\"(max-width: 300px) 100vw, 300px\" \/><\/p>\n","protected":false},"featured_media":0,"comment_status":"open","ping_status":"closed","template":"","meta":[],"product_brand":[],"product_cat":[42],"product_tag":[],"class_list":{"0":"post-436","1":"product","2":"type-product","3":"status-publish","5":"product_cat-electricite","7":"first","8":"instock","9":"shipping-taxable","10":"product-type-simple"},"_links":{"self":[{"href":"http:\/\/www.groupehage.bf\/index.php?rest_route=\/wp\/v2\/product\/436","targetHints":{"allow":["GET"]}}],"collection":[{"href":"http:\/\/www.groupehage.bf\/index.php?rest_route=\/wp\/v2\/product"}],"about":[{"href":"http:\/\/www.groupehage.bf\/index.php?rest_route=\/wp\/v2\/types\/product"}],"replies":[{"embeddable":true,"href":"http:\/\/www.groupehage.bf\/index.php?rest_route=%2Fwp%2Fv2%2Fcomments&post=436"}],"version-history":[{"count":0,"href":"http:\/\/www.groupehage.bf\/index.php?rest_route=\/wp\/v2\/product\/436\/revisions"}],"wp:attachment":[{"href":"http:\/\/www.groupehage.bf\/index.php?rest_route=%2Fwp%2Fv2%2Fmedia&parent=436"}],"wp:term":[{"taxonomy":"product_brand","embeddable":true,"href":"http:\/\/www.groupehage.bf\/index.php?rest_route=%2Fwp%2Fv2%2Fproduct_brand&post=436"},{"taxonomy":"product_cat","embeddable":true,"href":"http:\/\/www.groupehage.bf\/index.php?rest_route=%2Fwp%2Fv2%2Fproduct_cat&post=436"},{"taxonomy":"product_tag","embeddable":true,"href":"http:\/\/www.groupehage.bf\/index.php?rest_route=%2Fwp%2Fv2%2Fproduct_tag&post=436"}],"curies":[{"name":"wp","href":"https:\/\/api.w.org\/{rel}","templated":true}]}}