{"id":441,"date":"2018-01-26T14:48:33","date_gmt":"2018-01-26T14:48:33","guid":{"rendered":"http:\/\/www.groupehage.bf\/?post_type=product&#038;p=441"},"modified":"2018-01-26T16:55:47","modified_gmt":"2018-01-26T16:55:47","slug":"securite","status":"publish","type":"product","link":"http:\/\/www.groupehage.bf\/?product=securite","title":{"rendered":"S\u00e9curit\u00e9"},"content":{"rendered":"<p>D\u00e9tecteurs r\u00e9sidentiels-Fum\u00e9e, gaz et autres\nExtincteurs\nGrilles et barres de s\u00e9curit\u00e9\nSyst\u00e8mes de s\u00e9curit\u00e9, vid\u00e9os et cam\u00e9ras\nCadenas\n&#8230;<\/p>\n","protected":false},"excerpt":{"rendered":"<p><img decoding=\"async\" class=\"alignnone wp-image-492 size-thumbnail\" src=\"http:\/\/www.groupehage.bf-content\/uploads\/2018\/01\/extincteur-sourcep-150x150.jpg\" alt=\"\" width=\"150\" height=\"150\" srcset=\"http:\/\/www.groupehage.bf\/wp-content\/uploads\/2018\/01\/extincteur-sourcep-150x150.jpg 150w, http:\/\/www.groupehage.bf\/wp-content\/uploads\/2018\/01\/extincteur-sourcep-300x300.jpg 300w, http:\/\/www.groupehage.bf\/wp-content\/uploads\/2018\/01\/extincteur-sourcep-100x100.jpg 100w, http:\/\/www.groupehage.bf\/wp-content\/uploads\/2018\/01\/extincteur-sourcep-145x145.jpg 145w, http:\/\/www.groupehage.bf\/wp-content\/uploads\/2018\/01\/extincteur-sourcep-50x50.jpg 50w, http:\/\/www.groupehage.bf\/wp-content\/uploads\/2018\/01\/extincteur-sourcep-180x180.jpg 180w, http:\/\/www.groupehage.bf\/wp-content\/uploads\/2018\/01\/extincteur-sourcep-600x600.jpg 600w\" sizes=\"(max-width: 150px) 100vw, 150px\" \/> <img decoding=\"async\" class=\"alignnone wp-image-493 size-thumbnail\" src=\"http:\/\/www.groupehage.bf-content\/uploads\/2018\/01\/Serrure-De-Porte-Dentr\u00e9e-1-2-150x150.png\" alt=\"\" width=\"150\" height=\"150\" srcset=\"http:\/\/www.groupehage.bf\/wp-content\/uploads\/2018\/01\/Serrure-De-Porte-Dentr\u00e9e-1-2-150x150.png 150w, http:\/\/www.groupehage.bf\/wp-content\/uploads\/2018\/01\/Serrure-De-Porte-Dentr\u00e9e-1-2-300x300.png 300w, http:\/\/www.groupehage.bf\/wp-content\/uploads\/2018\/01\/Serrure-De-Porte-Dentr\u00e9e-1-2-100x100.png 100w, http:\/\/www.groupehage.bf\/wp-content\/uploads\/2018\/01\/Serrure-De-Porte-Dentr\u00e9e-1-2-145x145.png 145w, http:\/\/www.groupehage.bf\/wp-content\/uploads\/2018\/01\/Serrure-De-Porte-Dentr\u00e9e-1-2-50x50.png 50w, http:\/\/www.groupehage.bf\/wp-content\/uploads\/2018\/01\/Serrure-De-Porte-Dentr\u00e9e-1-2-180x180.png 180w\" sizes=\"(max-width: 150px) 100vw, 150px\" \/><\/p>\n","protected":false},"featured_media":0,"comment_status":"open","ping_status":"closed","template":"","meta":[],"product_brand":[],"product_cat":[43],"product_tag":[],"class_list":{"0":"post-441","1":"product","2":"type-product","3":"status-publish","5":"product_cat-quincaillerie","7":"first","8":"instock","9":"shipping-taxable","10":"product-type-simple"},"_links":{"self":[{"href":"http:\/\/www.groupehage.bf\/index.php?rest_route=\/wp\/v2\/product\/441","targetHints":{"allow":["GET"]}}],"collection":[{"href":"http:\/\/www.groupehage.bf\/index.php?rest_route=\/wp\/v2\/product"}],"about":[{"href":"http:\/\/www.groupehage.bf\/index.php?rest_route=\/wp\/v2\/types\/product"}],"replies":[{"embeddable":true,"href":"http:\/\/www.groupehage.bf\/index.php?rest_route=%2Fwp%2Fv2%2Fcomments&post=441"}],"version-history":[{"count":1,"href":"http:\/\/www.groupehage.bf\/index.php?rest_route=\/wp\/v2\/product\/441\/revisions"}],"predecessor-version":[{"id":495,"href":"http:\/\/www.groupehage.bf\/index.php?rest_route=\/wp\/v2\/product\/441\/revisions\/495"}],"wp:attachment":[{"href":"http:\/\/www.groupehage.bf\/index.php?rest_route=%2Fwp%2Fv2%2Fmedia&parent=441"}],"wp:term":[{"taxonomy":"product_brand","embeddable":true,"href":"http:\/\/www.groupehage.bf\/index.php?rest_route=%2Fwp%2Fv2%2Fproduct_brand&post=441"},{"taxonomy":"product_cat","embeddable":true,"href":"http:\/\/www.groupehage.bf\/index.php?rest_route=%2Fwp%2Fv2%2Fproduct_cat&post=441"},{"taxonomy":"product_tag","embeddable":true,"href":"http:\/\/www.groupehage.bf\/index.php?rest_route=%2Fwp%2Fv2%2Fproduct_tag&post=441"}],"curies":[{"name":"wp","href":"https:\/\/api.w.org\/{rel}","templated":true}]}}