{"id":503,"date":"2018-01-27T09:50:10","date_gmt":"2018-01-27T09:50:10","guid":{"rendered":"http:\/\/www.groupehage.bf\/?post_type=product&#038;p=503"},"modified":"2018-01-27T09:50:10","modified_gmt":"2018-01-27T09:50:10","slug":"vetements-de-securite","status":"publish","type":"product","link":"http:\/\/www.groupehage.bf\/?product=vetements-de-securite","title":{"rendered":"V\u00eatements de s\u00e9curit\u00e9"},"content":{"rendered":"<p><img fetchpriority=\"high\" decoding=\"async\" class=\"alignnone size-full wp-image-504\" src=\"http:\/\/www.groupehage.bf-content\/uploads\/2018\/01\/partie3-05-0003.gif\" alt=\"\" width=\"397\" height=\"249\" \/><\/p>\n","protected":false},"excerpt":{"rendered":"<p>V\u00eatement de travail\nArticles de protection\nArticles publicitaire\nArticles sur mesure<\/p>\n","protected":false},"featured_media":0,"comment_status":"open","ping_status":"closed","template":"","meta":[],"product_brand":[],"product_cat":[43],"product_tag":[],"class_list":{"0":"post-503","1":"product","2":"type-product","3":"status-publish","5":"product_cat-quincaillerie","7":"first","8":"instock","9":"shipping-taxable","10":"product-type-simple"},"_links":{"self":[{"href":"http:\/\/www.groupehage.bf\/index.php?rest_route=\/wp\/v2\/product\/503","targetHints":{"allow":["GET"]}}],"collection":[{"href":"http:\/\/www.groupehage.bf\/index.php?rest_route=\/wp\/v2\/product"}],"about":[{"href":"http:\/\/www.groupehage.bf\/index.php?rest_route=\/wp\/v2\/types\/product"}],"replies":[{"embeddable":true,"href":"http:\/\/www.groupehage.bf\/index.php?rest_route=%2Fwp%2Fv2%2Fcomments&post=503"}],"version-history":[{"count":0,"href":"http:\/\/www.groupehage.bf\/index.php?rest_route=\/wp\/v2\/product\/503\/revisions"}],"wp:attachment":[{"href":"http:\/\/www.groupehage.bf\/index.php?rest_route=%2Fwp%2Fv2%2Fmedia&parent=503"}],"wp:term":[{"taxonomy":"product_brand","embeddable":true,"href":"http:\/\/www.groupehage.bf\/index.php?rest_route=%2Fwp%2Fv2%2Fproduct_brand&post=503"},{"taxonomy":"product_cat","embeddable":true,"href":"http:\/\/www.groupehage.bf\/index.php?rest_route=%2Fwp%2Fv2%2Fproduct_cat&post=503"},{"taxonomy":"product_tag","embeddable":true,"href":"http:\/\/www.groupehage.bf\/index.php?rest_route=%2Fwp%2Fv2%2Fproduct_tag&post=503"}],"curies":[{"name":"wp","href":"https:\/\/api.w.org\/{rel}","templated":true}]}}