{"id":506,"date":"2018-01-27T10:15:14","date_gmt":"2018-01-27T10:15:14","guid":{"rendered":"http:\/\/www.groupehage.bf\/?post_type=product&#038;p=506"},"modified":"2018-01-27T10:15:14","modified_gmt":"2018-01-27T10:15:14","slug":"porte-en-bois","status":"publish","type":"product","link":"http:\/\/www.groupehage.bf\/?product=porte-en-bois","title":{"rendered":"Porte en bois"},"content":{"rendered":"","protected":false},"excerpt":{"rendered":"<p>Nous vous proposons une large gamme de portes en bois con\u00e7ues, pour \u00eatre \u00e0 la fois robustes et \u00e9l\u00e9gantes. Des m\u00e9thodes de travail artisanales conserv\u00e9es, afin de vous proposer des portes toujours originales et d&rsquo;une qualit\u00e9 optimale. nous accordons une importance toute particuli\u00e8re \u00e0 la finition des portes et au choix des bois utilis\u00e9s<\/p>\n","protected":false},"featured_media":0,"comment_status":"open","ping_status":"closed","template":"","meta":[],"product_brand":[],"product_cat":[43],"product_tag":[],"class_list":{"0":"post-506","1":"product","2":"type-product","3":"status-publish","5":"product_cat-quincaillerie","7":"first","8":"instock","9":"shipping-taxable","10":"product-type-simple"},"_links":{"self":[{"href":"http:\/\/www.groupehage.bf\/index.php?rest_route=\/wp\/v2\/product\/506","targetHints":{"allow":["GET"]}}],"collection":[{"href":"http:\/\/www.groupehage.bf\/index.php?rest_route=\/wp\/v2\/product"}],"about":[{"href":"http:\/\/www.groupehage.bf\/index.php?rest_route=\/wp\/v2\/types\/product"}],"replies":[{"embeddable":true,"href":"http:\/\/www.groupehage.bf\/index.php?rest_route=%2Fwp%2Fv2%2Fcomments&post=506"}],"version-history":[{"count":1,"href":"http:\/\/www.groupehage.bf\/index.php?rest_route=\/wp\/v2\/product\/506\/revisions"}],"predecessor-version":[{"id":509,"href":"http:\/\/www.groupehage.bf\/index.php?rest_route=\/wp\/v2\/product\/506\/revisions\/509"}],"wp:attachment":[{"href":"http:\/\/www.groupehage.bf\/index.php?rest_route=%2Fwp%2Fv2%2Fmedia&parent=506"}],"wp:term":[{"taxonomy":"product_brand","embeddable":true,"href":"http:\/\/www.groupehage.bf\/index.php?rest_route=%2Fwp%2Fv2%2Fproduct_brand&post=506"},{"taxonomy":"product_cat","embeddable":true,"href":"http:\/\/www.groupehage.bf\/index.php?rest_route=%2Fwp%2Fv2%2Fproduct_cat&post=506"},{"taxonomy":"product_tag","embeddable":true,"href":"http:\/\/www.groupehage.bf\/index.php?rest_route=%2Fwp%2Fv2%2Fproduct_tag&post=506"}],"curies":[{"name":"wp","href":"https:\/\/api.w.org\/{rel}","templated":true}]}}