{"id":115,"date":"2018-01-15T21:23:35","date_gmt":"2018-01-15T21:23:35","guid":{"rendered":"http:\/\/www.groupehage.bf\/?page_id=115"},"modified":"2025-11-14T07:16:13","modified_gmt":"2025-11-14T07:16:13","slug":"services","status":"publish","type":"page","link":"https:\/\/www.groupehage.bf\/?page_id=115","title":{"rendered":"Services"},"content":{"rendered":"<p><img decoding=\"async\" class=\"alignnone wp-image-117 size-full\" src=\"http:\/\/www.groupehage.bf-content\/uploads\/2018\/01\/fdfbdfbddf.png\" alt=\"\" width=\"353\" height=\"41\" srcset=\"https:\/\/www.groupehage.bf\/wp-content\/uploads\/2018\/01\/fdfbdfbddf.png 353w, https:\/\/www.groupehage.bf\/wp-content\/uploads\/2018\/01\/fdfbdfbddf-300x35.png 300w\" sizes=\"(max-width: 353px) 100vw, 353px\" \/><\/p>\n<p>Nous sommes constamment \u00e0 la recherche de nouveaux produits et des services innovateurs afin de rentabiliser au maximum vos projets. Nous pouvons vous conseiller sur nos diff\u00e9rents produits. En m\u00eame temps nos techniciens sont l\u00e0 pour vous aider.<\/p>\n<p>Pour vous, nous vous offrons un vaste choix de plusieurs r\u00e9f\u00e9rences de produits et de marques connues et reconnues. Nous renouvelons r\u00e9guli\u00e8rement notre stock. Vous pouvez les visualiser dans la rubrique produits.<\/p>\n<p>Un projet de construction, am\u00e9nagement, ou de r\u00e9novation ? Nos professionnels vous assisteront pour r\u00e9aliser votre chantier en vous conseillant sur les produits les mieux adapt\u00e9s \u00e0 vos besoins et votre budget.<\/p>\n<p>Notre \u00e9quipe assure un suivi de vos commandes de mat\u00e9riel, notre service de livraison vous assurera le minimum de d\u00e9lais pour vous faire gagner du temps.\nPour mieux vous servir nous avons mis aussi \u00e0 votre disposition un service apr\u00e8s-vente pour tout l\u2019outillage.<\/p>\n<p>Le GROUPE HAGE poursuit une politique de satisfaction des exigences du client \u00e9labor\u00e9e d\u00e8s sa cr\u00e9ation.<\/p>\n<p>La volont\u00e9 d&rsquo;instaurer un partenariat avec les clients ne cesse de s&rsquo;affirmer et se concr\u00e9tise dans les services apr\u00e8s-vente que le Groupe a mis sur pied, en utilisant les technologies informatiques les plus modernes, et qui \u00e9voluent de mani\u00e8re constante.<\/p>\n","protected":false},"excerpt":{"rendered":"<p>Nous sommes constamment \u00e0 la recherche de nouveaux produits et des services innovateurs afin de rentabiliser au maximum vos projets. Nous pouvons vous conseiller sur nos diff\u00e9rents produits. En m\u00eame temps nos techniciens sont l\u00e0 pour vous aider. Pour vous, nous vous offrons un vaste choix de plusieurs r\u00e9f\u00e9rences de produits et de marques connues et reconnues. Nous renouvelons r\u00e9guli\u00e8rement notre stock. Vous pouvez les visualiser dans la rubrique produits. Un projet de construction, am\u00e9nagement, ou de r\u00e9novation ? Nos professionnels vous assisteront pour r\u00e9aliser votre chantier en vous conseillant sur les produits les mieux adapt\u00e9s \u00e0 vos besoins et votre budget. Notre \u00e9quipe assure un suivi de vos commandes de mat\u00e9riel, notre service de livraison vous assurera le minimum de d\u00e9lais pour vous faire gagner du temps. Pour mieux vous servir nous avons mis aussi \u00e0 votre disposition un service apr\u00e8s-vente pour tout l\u2019outillage. Le GROUPE HAGE poursuit une politique de satisfaction des exigences du client \u00e9labor\u00e9e d\u00e8s sa cr\u00e9ation. La volont\u00e9 d&rsquo;instaurer un partenariat avec les clients ne cesse de s&rsquo;affirmer et se concr\u00e9tise dans les services apr\u00e8s-vente que le Groupe a mis sur pied, en utilisant les technologies informatiques les plus modernes, et qui \u00e9voluent de mani\u00e8re&hellip; <a class=\"read-more-link\" href=\"https:\/\/www.groupehage.bf\/?page_id=115\">Read More<\/a><\/p>\n","protected":false},"author":1,"featured_media":0,"parent":0,"menu_order":0,"comment_status":"closed","ping_status":"closed","template":"","meta":{"footnotes":""},"class_list":["post-115","page","type-page","status-publish","hentry"],"_links":{"self":[{"href":"https:\/\/www.groupehage.bf\/index.php?rest_route=\/wp\/v2\/pages\/115","targetHints":{"allow":["GET"]}}],"collection":[{"href":"https:\/\/www.groupehage.bf\/index.php?rest_route=\/wp\/v2\/pages"}],"about":[{"href":"https:\/\/www.groupehage.bf\/index.php?rest_route=\/wp\/v2\/types\/page"}],"author":[{"embeddable":true,"href":"https:\/\/www.groupehage.bf\/index.php?rest_route=\/wp\/v2\/users\/1"}],"replies":[{"embeddable":true,"href":"https:\/\/www.groupehage.bf\/index.php?rest_route=%2Fwp%2Fv2%2Fcomments&post=115"}],"version-history":[{"count":3,"href":"https:\/\/www.groupehage.bf\/index.php?rest_route=\/wp\/v2\/pages\/115\/revisions"}],"predecessor-version":[{"id":119,"href":"https:\/\/www.groupehage.bf\/index.php?rest_route=\/wp\/v2\/pages\/115\/revisions\/119"}],"wp:attachment":[{"href":"https:\/\/www.groupehage.bf\/index.php?rest_route=%2Fwp%2Fv2%2Fmedia&parent=115"}],"curies":[{"name":"wp","href":"https:\/\/api.w.org\/{rel}","templated":true}]}}