{"id":32,"date":"2018-01-13T12:18:55","date_gmt":"2018-01-13T12:18:55","guid":{"rendered":"http:\/\/www.groupehage.bf\/?page_id=32"},"modified":"2025-11-14T07:16:13","modified_gmt":"2025-11-14T07:16:13","slug":"hage-materiaux","status":"publish","type":"page","link":"https:\/\/www.groupehage.bf\/?page_id=32","title":{"rendered":"HAGE MATERIAUX"},"content":{"rendered":"<p><img decoding=\"async\" class=\"alignnone size-medium wp-image-39\" src=\"http:\/\/www.groupehage.bf-content\/uploads\/2018\/01\/logo-HAGE-HM-1-300x42.jpg\" alt=\"\" width=\"300\" height=\"42\" srcset=\"https:\/\/www.groupehage.bf\/wp-content\/uploads\/2018\/01\/logo-HAGE-HM-1-300x42.jpg 300w, https:\/\/www.groupehage.bf\/wp-content\/uploads\/2018\/01\/logo-HAGE-HM-1.jpg 342w\" sizes=\"(max-width: 300px) 100vw, 300px\" \/><\/p>\n<p>HAGE MATERIAUX a pour activit\u00e9s principales, le commerce g\u00e9n\u00e9ral, l\u2019importation et l\u2019exportation de marchandises diverses et plus sp\u00e9cialement la distribution de mat\u00e9riaux de construction, la repr\u00e9sentation de toutes marques de commerce ou d\u2019industries se rapportant aux marchandises diverses et plus sp\u00e9cialement aux mat\u00e9riaux de construction pour le b\u00e2timent et les travaux publics, etc. .<\/p>\n<p>Des produits de r\u00e9f\u00e9rence<\/p>\n<p>Le mat\u00e9riel, les \u00e9quipements, l\u2019outillage d\u2019une qualit\u00e9 irr\u00e9prochable distribu\u00e9s sur le march\u00e9 permettent \u00e0 notre soci\u00e9t\u00e9 de garder son leadership sur la promotion et la diffusion de grandes marques de produits mondialement connues telles que :\nUNIONAIRE (Climatisation)\nLIFTCO (Ascenseur)\nMAKITA (Mat\u00e9riel \u00e9lectrique)\nKIRLOSKAR (Moteurs)\nSETR (Etanch\u00e9it\u00e9).<\/p>\n<p>Une gamme compl\u00e8te<\/p>\n<p>Le commerce g\u00e9n\u00e9ral, le courtage et la Repr\u00e9sentation de mat\u00e9riel et de mat\u00e9riaux de construction pour le b\u00e2timent repr\u00e9sentent l\u2019activit\u00e9 essentielle de notre soci\u00e9t\u00e9. Une gamme vari\u00e9e de produits permet \u00e0 notre client\u00e8le de trouver tout ce dont elle a besoin.<\/p>\n<p>Un stock permanent<\/p>\n<p>Une aire de stockage compos\u00e9e d\u2019entrep\u00f4ts d\u2019une surface de 10 000 m\u00b2 offre \u00e0 notre client\u00e8le la possibilit\u00e9 de s\u2019approvisionner en continu. Les produits essentiels dont ont besoin les professionnels et le grand public sont aussi disponibles dans notre point de vente central de Ouagadougou.<\/p>\n<p>Un d\u00e9partement Hors Taxes<\/p>\n<p>Notre soci\u00e9t\u00e9 dispose, pour r\u00e9pondre \u00e0 une demande de plus en plus croissante, d\u2019un entrep\u00f4t fictif sous douane o\u00f9 l\u2019approvisionnement permanent du stock en marchandises est en quantit\u00e9 suffisante pour satisfaire le besoin local et national en hors taxes. L\u2019exportation occupe une partie non n\u00e9gligeable de ce d\u00e9partement.<\/p>\n<p>Un service apr\u00e8s vente<\/p>\n<p>En raison de la repr\u00e9sentation de certaines grandes marques, notre soci\u00e9t\u00e9 s\u2019est dot\u00e9e d\u2019une \u00e9quipe de professionnels aguerris dans l\u2019installation et l\u2019entretien du mat\u00e9riel.<\/p>\n<p><img decoding=\"async\" class=\"alignnone wp-image-36 size-full\" src=\"http:\/\/www.groupehage.bf-content\/uploads\/2018\/01\/logo-GRHM.jpg\" alt=\"\" width=\"634\" height=\"59\" srcset=\"https:\/\/www.groupehage.bf\/wp-content\/uploads\/2018\/01\/logo-GRHM.jpg 634w, https:\/\/www.groupehage.bf\/wp-content\/uploads\/2018\/01\/logo-GRHM-600x56.jpg 600w, https:\/\/www.groupehage.bf\/wp-content\/uploads\/2018\/01\/logo-GRHM-300x28.jpg 300w\" sizes=\"(max-width: 634px) 100vw, 634px\" \/><\/p>\n","protected":false},"excerpt":{"rendered":"<p>HAGE MATERIAUX a pour activit\u00e9s principales, le commerce g\u00e9n\u00e9ral, l\u2019importation et l\u2019exportation de marchandises diverses et plus sp\u00e9cialement la distribution de mat\u00e9riaux de construction, la repr\u00e9sentation de toutes marques de commerce ou d\u2019industries se rapportant aux marchandises diverses et plus sp\u00e9cialement aux mat\u00e9riaux de construction pour le b\u00e2timent et les travaux publics, etc. . Des produits de r\u00e9f\u00e9rence Le mat\u00e9riel, les \u00e9quipements, l\u2019outillage d\u2019une qualit\u00e9 irr\u00e9prochable distribu\u00e9s sur le march\u00e9 permettent \u00e0 notre soci\u00e9t\u00e9 de garder son leadership sur la promotion et la diffusion de grandes marques de produits mondialement connues telles que : UNIONAIRE (Climatisation) LIFTCO (Ascenseur) MAKITA (Mat\u00e9riel \u00e9lectrique) KIRLOSKAR (Moteurs) SETR (Etanch\u00e9it\u00e9). Une gamme compl\u00e8te Le commerce g\u00e9n\u00e9ral, le courtage et la Repr\u00e9sentation de mat\u00e9riel et de mat\u00e9riaux de construction pour le b\u00e2timent repr\u00e9sentent l\u2019activit\u00e9 essentielle de notre soci\u00e9t\u00e9. Une gamme vari\u00e9e de produits permet \u00e0 notre client\u00e8le de trouver tout ce dont elle a besoin. Un stock permanent Une aire de stockage compos\u00e9e d\u2019entrep\u00f4ts d\u2019une surface de 10 000 m\u00b2 offre \u00e0 notre client\u00e8le la possibilit\u00e9 de s\u2019approvisionner en continu. Les produits essentiels dont ont besoin les professionnels et le grand public sont aussi disponibles dans notre point de vente central de Ouagadougou. Un d\u00e9partement Hors&hellip; <a class=\"read-more-link\" href=\"https:\/\/www.groupehage.bf\/?page_id=32\">Read More<\/a><\/p>\n","protected":false},"author":1,"featured_media":0,"parent":0,"menu_order":0,"comment_status":"closed","ping_status":"closed","template":"","meta":{"footnotes":""},"class_list":["post-32","page","type-page","status-publish","hentry"],"_links":{"self":[{"href":"https:\/\/www.groupehage.bf\/index.php?rest_route=\/wp\/v2\/pages\/32","targetHints":{"allow":["GET"]}}],"collection":[{"href":"https:\/\/www.groupehage.bf\/index.php?rest_route=\/wp\/v2\/pages"}],"about":[{"href":"https:\/\/www.groupehage.bf\/index.php?rest_route=\/wp\/v2\/types\/page"}],"author":[{"embeddable":true,"href":"https:\/\/www.groupehage.bf\/index.php?rest_route=\/wp\/v2\/users\/1"}],"replies":[{"embeddable":true,"href":"https:\/\/www.groupehage.bf\/index.php?rest_route=%2Fwp%2Fv2%2Fcomments&post=32"}],"version-history":[{"count":14,"href":"https:\/\/www.groupehage.bf\/index.php?rest_route=\/wp\/v2\/pages\/32\/revisions"}],"predecessor-version":[{"id":95,"href":"https:\/\/www.groupehage.bf\/index.php?rest_route=\/wp\/v2\/pages\/32\/revisions\/95"}],"wp:attachment":[{"href":"https:\/\/www.groupehage.bf\/index.php?rest_route=%2Fwp%2Fv2%2Fmedia&parent=32"}],"curies":[{"name":"wp","href":"https:\/\/api.w.org\/{rel}","templated":true}]}}