{"id":375,"date":"2018-01-19T19:21:21","date_gmt":"2018-01-19T19:21:21","guid":{"rendered":"http:\/\/www.groupehage.bf\/?page_id=375"},"modified":"2025-11-14T07:16:13","modified_gmt":"2025-11-14T07:16:13","slug":"quincaillerie","status":"publish","type":"page","link":"https:\/\/www.groupehage.bf\/?page_id=375","title":{"rendered":"Quincaillerie"},"content":{"rendered":"<p>Vous \u00eates \u00e0 la recherche d&rsquo;outillage professionnel de qualit\u00e9? Perceuses, ponceuses, perforateurs, meuleuses, groupe de surpression, surpresseurs, postes \u00e0 souder, \u00e9lectro-pompes, compresseurs, scies \u00e0 onglet, d\u00e9coupeurs \u00e9lectrique, pompe \u00e0 eau, station pantographe (vidange, huile), &#8230;.le Centre Commercial Hage Mat\u00e9riaux vous propose un large choix d&rsquo;outillage \u00e9lectroportatif. Vous aurez notamment l&rsquo;occasion de d\u00e9couvrir l&rsquo;outillage MAKITA, CASALS, BOSH, HITACHI, INGCO, marques incontournables symboles de fiabilit\u00e9 et de performance.<\/p>\n<p>&nbsp;<\/p>\n<p><img fetchpriority=\"high\" decoding=\"async\" class=\"alignnone size-full wp-image-597\" src=\"http:\/\/www.groupehage.bf-content\/uploads\/2018\/02\/17796090_743045772543065_4069566884813399240_n.jpg\" alt=\"\" width=\"960\" height=\"540\" srcset=\"https:\/\/www.groupehage.bf\/wp-content\/uploads\/2018\/02\/17796090_743045772543065_4069566884813399240_n.jpg 960w, https:\/\/www.groupehage.bf\/wp-content\/uploads\/2018\/02\/17796090_743045772543065_4069566884813399240_n-600x338.jpg 600w, https:\/\/www.groupehage.bf\/wp-content\/uploads\/2018\/02\/17796090_743045772543065_4069566884813399240_n-300x169.jpg 300w, https:\/\/www.groupehage.bf\/wp-content\/uploads\/2018\/02\/17796090_743045772543065_4069566884813399240_n-768x432.jpg 768w\" sizes=\"(max-width: 960px) 100vw, 960px\" \/><img decoding=\"async\" class=\"alignnone size-full wp-image-600\" src=\"http:\/\/www.groupehage.bf-content\/uploads\/2018\/02\/RBNRTNRTNR.jpg\" alt=\"\" width=\"960\" height=\"720\" srcset=\"https:\/\/www.groupehage.bf\/wp-content\/uploads\/2018\/02\/RBNRTNRTNR.jpg 960w, https:\/\/www.groupehage.bf\/wp-content\/uploads\/2018\/02\/RBNRTNRTNR-600x450.jpg 600w, https:\/\/www.groupehage.bf\/wp-content\/uploads\/2018\/02\/RBNRTNRTNR-300x225.jpg 300w, https:\/\/www.groupehage.bf\/wp-content\/uploads\/2018\/02\/RBNRTNRTNR-768x576.jpg 768w\" sizes=\"(max-width: 960px) 100vw, 960px\" \/><img decoding=\"async\" class=\"alignnone size-full wp-image-598\" src=\"http:\/\/www.groupehage.bf-content\/uploads\/2018\/02\/17796129_743045572543085_1861779174914620129_n.jpg\" alt=\"\" width=\"960\" height=\"720\" srcset=\"https:\/\/www.groupehage.bf\/wp-content\/uploads\/2018\/02\/17796129_743045572543085_1861779174914620129_n.jpg 960w, https:\/\/www.groupehage.bf\/wp-content\/uploads\/2018\/02\/17796129_743045572543085_1861779174914620129_n-600x450.jpg 600w, https:\/\/www.groupehage.bf\/wp-content\/uploads\/2018\/02\/17796129_743045572543085_1861779174914620129_n-300x225.jpg 300w, https:\/\/www.groupehage.bf\/wp-content\/uploads\/2018\/02\/17796129_743045572543085_1861779174914620129_n-768x576.jpg 768w\" sizes=\"(max-width: 960px) 100vw, 960px\" \/><img loading=\"lazy\" decoding=\"async\" class=\"alignnone size-full wp-image-599\" src=\"http:\/\/www.groupehage.bf-content\/uploads\/2018\/02\/17796520_743045902543052_7239526812118935844_n.jpg\" alt=\"\" width=\"960\" height=\"720\" srcset=\"https:\/\/www.groupehage.bf\/wp-content\/uploads\/2018\/02\/17796520_743045902543052_7239526812118935844_n.jpg 960w, https:\/\/www.groupehage.bf\/wp-content\/uploads\/2018\/02\/17796520_743045902543052_7239526812118935844_n-600x450.jpg 600w, https:\/\/www.groupehage.bf\/wp-content\/uploads\/2018\/02\/17796520_743045902543052_7239526812118935844_n-300x225.jpg 300w, https:\/\/www.groupehage.bf\/wp-content\/uploads\/2018\/02\/17796520_743045902543052_7239526812118935844_n-768x576.jpg 768w\" sizes=\"(max-width: 960px) 100vw, 960px\" \/><\/p>\n<p>&nbsp;<\/p>\n<p>&nbsp;<\/p>\n<p>&nbsp;<\/p>\n","protected":false},"excerpt":{"rendered":"<p>Vous \u00eates \u00e0 la recherche d&rsquo;outillage professionnel de qualit\u00e9? Perceuses, ponceuses, perforateurs, meuleuses, groupe de surpression, surpresseurs, postes \u00e0 souder, \u00e9lectro-pompes, compresseurs, scies \u00e0 onglet, d\u00e9coupeurs \u00e9lectrique, pompe \u00e0 eau, station pantographe (vidange, huile), &#8230;.le Centre Commercial Hage Mat\u00e9riaux vous propose un large choix d&rsquo;outillage \u00e9lectroportatif. Vous aurez notamment l&rsquo;occasion de d\u00e9couvrir l&rsquo;outillage MAKITA, CASALS, BOSH, HITACHI, INGCO, marques incontournables symboles de fiabilit\u00e9 et de performance. &nbsp; &nbsp; &nbsp; &nbsp;<\/p>\n","protected":false},"author":1,"featured_media":0,"parent":0,"menu_order":0,"comment_status":"closed","ping_status":"closed","template":"","meta":{"footnotes":""},"class_list":["post-375","page","type-page","status-publish","hentry"],"_links":{"self":[{"href":"https:\/\/www.groupehage.bf\/index.php?rest_route=\/wp\/v2\/pages\/375","targetHints":{"allow":["GET"]}}],"collection":[{"href":"https:\/\/www.groupehage.bf\/index.php?rest_route=\/wp\/v2\/pages"}],"about":[{"href":"https:\/\/www.groupehage.bf\/index.php?rest_route=\/wp\/v2\/types\/page"}],"author":[{"embeddable":true,"href":"https:\/\/www.groupehage.bf\/index.php?rest_route=\/wp\/v2\/users\/1"}],"replies":[{"embeddable":true,"href":"https:\/\/www.groupehage.bf\/index.php?rest_route=%2Fwp%2Fv2%2Fcomments&post=375"}],"version-history":[{"count":3,"href":"https:\/\/www.groupehage.bf\/index.php?rest_route=\/wp\/v2\/pages\/375\/revisions"}],"predecessor-version":[{"id":601,"href":"https:\/\/www.groupehage.bf\/index.php?rest_route=\/wp\/v2\/pages\/375\/revisions\/601"}],"wp:attachment":[{"href":"https:\/\/www.groupehage.bf\/index.php?rest_route=%2Fwp%2Fv2%2Fmedia&parent=375"}],"curies":[{"name":"wp","href":"https:\/\/api.w.org\/{rel}","templated":true}]}}