{"id":181,"date":"2018-01-16T17:54:02","date_gmt":"2018-01-16T17:54:02","guid":{"rendered":"http:\/\/www.groupehage.bf\/?post_type=product&#038;p=181"},"modified":"2018-01-16T17:54:02","modified_gmt":"2018-01-16T17:54:02","slug":"toles-bac-galvanisees","status":"publish","type":"product","link":"https:\/\/www.groupehage.bf\/?product=toles-bac-galvanisees","title":{"rendered":"T\u00f4les Bac Galvanis\u00e9es"},"content":{"rendered":"<p>Longueur en m\u00e8tre : sur commande\nDescription :\n3 ondulations, largeurs utile \/ 80 cm\n4 ondulations, largeurs utile \/75 cm<\/p>\n","protected":false},"excerpt":{"rendered":"<p>Longueur en m\u00e8tre : sur commande Description : 3 ondulations, largeurs utile \/ 80 cm 4 ondulations, largeurs utile \/75 cm<\/p>\n","protected":false},"featured_media":0,"comment_status":"open","ping_status":"closed","template":"","meta":[],"product_brand":[],"product_cat":[17],"product_tag":[],"class_list":{"0":"post-181","1":"product","2":"type-product","3":"status-publish","5":"product_cat-toles","7":"first","8":"instock","9":"shipping-taxable","10":"product-type-simple"},"_links":{"self":[{"href":"https:\/\/www.groupehage.bf\/index.php?rest_route=\/wp\/v2\/product\/181","targetHints":{"allow":["GET"]}}],"collection":[{"href":"https:\/\/www.groupehage.bf\/index.php?rest_route=\/wp\/v2\/product"}],"about":[{"href":"https:\/\/www.groupehage.bf\/index.php?rest_route=\/wp\/v2\/types\/product"}],"replies":[{"embeddable":true,"href":"https:\/\/www.groupehage.bf\/index.php?rest_route=%2Fwp%2Fv2%2Fcomments&post=181"}],"version-history":[{"count":0,"href":"https:\/\/www.groupehage.bf\/index.php?rest_route=\/wp\/v2\/product\/181\/revisions"}],"wp:attachment":[{"href":"https:\/\/www.groupehage.bf\/index.php?rest_route=%2Fwp%2Fv2%2Fmedia&parent=181"}],"wp:term":[{"taxonomy":"product_brand","embeddable":true,"href":"https:\/\/www.groupehage.bf\/index.php?rest_route=%2Fwp%2Fv2%2Fproduct_brand&post=181"},{"taxonomy":"product_cat","embeddable":true,"href":"https:\/\/www.groupehage.bf\/index.php?rest_route=%2Fwp%2Fv2%2Fproduct_cat&post=181"},{"taxonomy":"product_tag","embeddable":true,"href":"https:\/\/www.groupehage.bf\/index.php?rest_route=%2Fwp%2Fv2%2Fproduct_tag&post=181"}],"curies":[{"name":"wp","href":"https:\/\/api.w.org\/{rel}","templated":true}]}}