{"id":199,"date":"2018-01-17T11:06:04","date_gmt":"2018-01-17T11:06:04","guid":{"rendered":"http:\/\/www.groupehage.bf\/?post_type=product&#038;p=199"},"modified":"2018-01-17T11:09:01","modified_gmt":"2018-01-17T11:09:01","slug":"199","status":"publish","type":"product","link":"https:\/\/www.groupehage.bf\/?product=199","title":{"rendered":"Tubes carr\u00e9s"},"content":{"rendered":"<p><strong>Ce profil est pli\u00e9\/soud\u00e9 avec de la t\u00f4le acier d&rsquo;usage courant (appel\u00e9e t\u00f4le noire, qualit\u00e9 lamin\u00e9 de construction normalis\u00e9 S 235 JR, S 275 JR ou S 355 JR ) &#8211; id\u00e9al pour renfort et support.<\/strong><\/p>\n<p><strong>Galvanisation possible sur demande.<\/strong><\/p>\n<p><span style=\"font-size: xx-small;\">Id\u00e9al pour la fabrication de renforts et la construction de poteaux <\/span><\/p>\n<p>Tube carr\u00e9 ACIER\n\u2022 De 20 x 20 \u00e0 35 x 35\n\u2022 40 x 40 \u00e0 70 x 70\n\u2022 De 80 x 80 \u00e0 120 x 120\n\u2022 De 140 x 140 \u00e0 400 x 400<\/p>\n","protected":false},"excerpt":{"rendered":"<p>Tube carr\u00e9 ACIER\n\u2022 De 20 x 20 \u00e0 35 x 35\n\u2022 40 x 40 \u00e0 70 x 70\n\u2022 De 80 x 80 \u00e0 120 x 120\n\u2022 De 140 x 140 \u00e0 400 x 400<\/p>\n","protected":false},"featured_media":0,"comment_status":"open","ping_status":"closed","template":"","meta":[],"product_brand":[],"product_cat":[36],"product_tag":[],"class_list":{"0":"post-199","1":"product","2":"type-product","3":"status-publish","5":"product_cat-profiles-soudes","7":"first","8":"instock","9":"shipping-taxable","10":"product-type-simple"},"_links":{"self":[{"href":"https:\/\/www.groupehage.bf\/index.php?rest_route=\/wp\/v2\/product\/199","targetHints":{"allow":["GET"]}}],"collection":[{"href":"https:\/\/www.groupehage.bf\/index.php?rest_route=\/wp\/v2\/product"}],"about":[{"href":"https:\/\/www.groupehage.bf\/index.php?rest_route=\/wp\/v2\/types\/product"}],"replies":[{"embeddable":true,"href":"https:\/\/www.groupehage.bf\/index.php?rest_route=%2Fwp%2Fv2%2Fcomments&post=199"}],"version-history":[{"count":0,"href":"https:\/\/www.groupehage.bf\/index.php?rest_route=\/wp\/v2\/product\/199\/revisions"}],"wp:attachment":[{"href":"https:\/\/www.groupehage.bf\/index.php?rest_route=%2Fwp%2Fv2%2Fmedia&parent=199"}],"wp:term":[{"taxonomy":"product_brand","embeddable":true,"href":"https:\/\/www.groupehage.bf\/index.php?rest_route=%2Fwp%2Fv2%2Fproduct_brand&post=199"},{"taxonomy":"product_cat","embeddable":true,"href":"https:\/\/www.groupehage.bf\/index.php?rest_route=%2Fwp%2Fv2%2Fproduct_cat&post=199"},{"taxonomy":"product_tag","embeddable":true,"href":"https:\/\/www.groupehage.bf\/index.php?rest_route=%2Fwp%2Fv2%2Fproduct_tag&post=199"}],"curies":[{"name":"wp","href":"https:\/\/api.w.org\/{rel}","templated":true}]}}