{"id":201,"date":"2018-01-17T12:00:47","date_gmt":"2018-01-17T12:00:47","guid":{"rendered":"http:\/\/www.groupehage.bf\/?post_type=product&#038;p=201"},"modified":"2018-01-17T12:00:47","modified_gmt":"2018-01-17T12:00:47","slug":"tubes-ronds","status":"publish","type":"product","link":"https:\/\/www.groupehage.bf\/?product=tubes-ronds","title":{"rendered":"Tubes ronds"},"content":{"rendered":"<p>qualit\u00e9 construction, tube rond roul\u00e9 soud\u00e9 de \u00f821,3&#215;2(\u00e9paisseur de t\u00f4le) &#8211; 26,9&#215;2 &#8211; 33,7&#215;2,5 &#8211; 42,4&#215;2 &#8211; 48,3&#215;3 &#8211; 60,3&#215;3 et 101,6&#215;3<\/p>\n","protected":false},"excerpt":{"rendered":"<p>Tube rond ACIER\n\u2022 \u00d8 21.3 \u00e0 45\n\u2022 \u00d8 48,3 \u00e0 70\n\u2022 \u00d8 76,1 \u00e0 406,4<\/p>\n","protected":false},"featured_media":0,"comment_status":"open","ping_status":"closed","template":"","meta":[],"product_brand":[],"product_cat":[36],"product_tag":[],"class_list":{"0":"post-201","1":"product","2":"type-product","3":"status-publish","5":"product_cat-profiles-soudes","7":"first","8":"instock","9":"shipping-taxable","10":"product-type-simple"},"_links":{"self":[{"href":"https:\/\/www.groupehage.bf\/index.php?rest_route=\/wp\/v2\/product\/201","targetHints":{"allow":["GET"]}}],"collection":[{"href":"https:\/\/www.groupehage.bf\/index.php?rest_route=\/wp\/v2\/product"}],"about":[{"href":"https:\/\/www.groupehage.bf\/index.php?rest_route=\/wp\/v2\/types\/product"}],"replies":[{"embeddable":true,"href":"https:\/\/www.groupehage.bf\/index.php?rest_route=%2Fwp%2Fv2%2Fcomments&post=201"}],"version-history":[{"count":1,"href":"https:\/\/www.groupehage.bf\/index.php?rest_route=\/wp\/v2\/product\/201\/revisions"}],"predecessor-version":[{"id":204,"href":"https:\/\/www.groupehage.bf\/index.php?rest_route=\/wp\/v2\/product\/201\/revisions\/204"}],"wp:attachment":[{"href":"https:\/\/www.groupehage.bf\/index.php?rest_route=%2Fwp%2Fv2%2Fmedia&parent=201"}],"wp:term":[{"taxonomy":"product_brand","embeddable":true,"href":"https:\/\/www.groupehage.bf\/index.php?rest_route=%2Fwp%2Fv2%2Fproduct_brand&post=201"},{"taxonomy":"product_cat","embeddable":true,"href":"https:\/\/www.groupehage.bf\/index.php?rest_route=%2Fwp%2Fv2%2Fproduct_cat&post=201"},{"taxonomy":"product_tag","embeddable":true,"href":"https:\/\/www.groupehage.bf\/index.php?rest_route=%2Fwp%2Fv2%2Fproduct_tag&post=201"}],"curies":[{"name":"wp","href":"https:\/\/api.w.org\/{rel}","templated":true}]}}