{"id":203,"date":"2018-01-17T12:18:22","date_gmt":"2018-01-17T12:18:22","guid":{"rendered":"http:\/\/www.groupehage.bf\/?post_type=product&#038;p=203"},"modified":"2018-01-17T12:21:12","modified_gmt":"2018-01-17T12:21:12","slug":"203","status":"publish","type":"product","link":"https:\/\/www.groupehage.bf\/?product=203","title":{"rendered":"Fers en T"},"content":{"rendered":"<p>Les c\u00f4tes sont exprim\u00e9es en millim\u00e8tre et se mesurent \u00e0 l&rsquo;ext\u00e9rieur du profil.Pour les fers \u00e0 T\u00e9s en aciers:Hauteur x Largeur x \u00c9paisseur<img fetchpriority=\"high\" decoding=\"async\" class=\"alignnone size-medium wp-image-206\" src=\"http:\/\/www.groupehage.bf-content\/uploads\/2018\/01\/sototoles-17022011204225-specprofileouvertsT-1-300x212.png\" alt=\"\" width=\"300\" height=\"212\" srcset=\"https:\/\/www.groupehage.bf\/wp-content\/uploads\/2018\/01\/sototoles-17022011204225-specprofileouvertsT-1-300x212.png 300w, https:\/\/www.groupehage.bf\/wp-content\/uploads\/2018\/01\/sototoles-17022011204225-specprofileouvertsT-1.png 425w\" sizes=\"(max-width: 300px) 100vw, 300px\" \/><\/p>\n<p>&nbsp;<\/p>\n","protected":false},"excerpt":{"rendered":"<p><img decoding=\"async\" class=\"alignnone size-full wp-image-208\" src=\"http:\/\/www.groupehage.bf-content\/uploads\/2018\/01\/fer_t.gif\" alt=\"\" width=\"188\" height=\"190\" \/><\/p>\n","protected":false},"featured_media":0,"comment_status":"open","ping_status":"closed","template":"","meta":[],"product_brand":[],"product_cat":[35],"product_tag":[],"class_list":{"0":"post-203","1":"product","2":"type-product","3":"status-publish","5":"product_cat-profiles-ouverts","7":"first","8":"instock","9":"shipping-taxable","10":"product-type-simple"},"_links":{"self":[{"href":"https:\/\/www.groupehage.bf\/index.php?rest_route=\/wp\/v2\/product\/203","targetHints":{"allow":["GET"]}}],"collection":[{"href":"https:\/\/www.groupehage.bf\/index.php?rest_route=\/wp\/v2\/product"}],"about":[{"href":"https:\/\/www.groupehage.bf\/index.php?rest_route=\/wp\/v2\/types\/product"}],"replies":[{"embeddable":true,"href":"https:\/\/www.groupehage.bf\/index.php?rest_route=%2Fwp%2Fv2%2Fcomments&post=203"}],"version-history":[{"count":1,"href":"https:\/\/www.groupehage.bf\/index.php?rest_route=\/wp\/v2\/product\/203\/revisions"}],"predecessor-version":[{"id":209,"href":"https:\/\/www.groupehage.bf\/index.php?rest_route=\/wp\/v2\/product\/203\/revisions\/209"}],"wp:attachment":[{"href":"https:\/\/www.groupehage.bf\/index.php?rest_route=%2Fwp%2Fv2%2Fmedia&parent=203"}],"wp:term":[{"taxonomy":"product_brand","embeddable":true,"href":"https:\/\/www.groupehage.bf\/index.php?rest_route=%2Fwp%2Fv2%2Fproduct_brand&post=203"},{"taxonomy":"product_cat","embeddable":true,"href":"https:\/\/www.groupehage.bf\/index.php?rest_route=%2Fwp%2Fv2%2Fproduct_cat&post=203"},{"taxonomy":"product_tag","embeddable":true,"href":"https:\/\/www.groupehage.bf\/index.php?rest_route=%2Fwp%2Fv2%2Fproduct_tag&post=203"}],"curies":[{"name":"wp","href":"https:\/\/api.w.org\/{rel}","templated":true}]}}