{"id":287,"date":"2018-01-18T14:07:06","date_gmt":"2018-01-18T14:07:06","guid":{"rendered":"http:\/\/www.groupehage.bf\/?post_type=product&#038;p=287"},"modified":"2018-01-18T14:16:13","modified_gmt":"2018-01-18T14:16:13","slug":"ascenceur-de-services","status":"publish","type":"product","link":"https:\/\/www.groupehage.bf\/?product=ascenceur-de-services","title":{"rendered":"Ascenceur de services"},"content":{"rendered":"<p>Vous allez garantir le respect des d\u00e9lais et la parfaite installation assur\u00e9e par une \u00e9quipe professionnelle qui prend soins de son travail lors de d\u00e9roulement des diff\u00e9rentes phases d\u2019installation dans le respect des Nouvelles normes europ\u00e9ennes EN81-20 et EN81-50.<\/p>\n<p>L\u2019autocontr\u00f4le et la supervision continue des travaux par nos ing\u00e9nieurs font partie de nos priorit\u00e9s afin d\u2019assurer la fiabilit\u00e9 et le confort lors de l\u2019usage de nos appareils.<\/p>\n<p>Caract\u00e9ristiques\u00a0: 50 &#8211; 300 kg, vitesse 0.30 &#8211; 0.45m\/sec<\/p>\n","protected":false},"excerpt":{"rendered":"<p>Caract\u00e9ristiques\u00a0: 50 &#8211; 300 kg, vitesse 0.30 &#8211; 0.45m\/sec<\/p>\n","protected":false},"featured_media":0,"comment_status":"open","ping_status":"closed","template":"","meta":[],"product_brand":[],"product_cat":[40],"product_tag":[],"class_list":{"0":"post-287","1":"product","2":"type-product","3":"status-publish","5":"product_cat-ascenseurs","7":"first","8":"instock","9":"shipping-taxable","10":"product-type-simple"},"_links":{"self":[{"href":"https:\/\/www.groupehage.bf\/index.php?rest_route=\/wp\/v2\/product\/287","targetHints":{"allow":["GET"]}}],"collection":[{"href":"https:\/\/www.groupehage.bf\/index.php?rest_route=\/wp\/v2\/product"}],"about":[{"href":"https:\/\/www.groupehage.bf\/index.php?rest_route=\/wp\/v2\/types\/product"}],"replies":[{"embeddable":true,"href":"https:\/\/www.groupehage.bf\/index.php?rest_route=%2Fwp%2Fv2%2Fcomments&post=287"}],"version-history":[{"count":0,"href":"https:\/\/www.groupehage.bf\/index.php?rest_route=\/wp\/v2\/product\/287\/revisions"}],"wp:attachment":[{"href":"https:\/\/www.groupehage.bf\/index.php?rest_route=%2Fwp%2Fv2%2Fmedia&parent=287"}],"wp:term":[{"taxonomy":"product_brand","embeddable":true,"href":"https:\/\/www.groupehage.bf\/index.php?rest_route=%2Fwp%2Fv2%2Fproduct_brand&post=287"},{"taxonomy":"product_cat","embeddable":true,"href":"https:\/\/www.groupehage.bf\/index.php?rest_route=%2Fwp%2Fv2%2Fproduct_cat&post=287"},{"taxonomy":"product_tag","embeddable":true,"href":"https:\/\/www.groupehage.bf\/index.php?rest_route=%2Fwp%2Fv2%2Fproduct_tag&post=287"}],"curies":[{"name":"wp","href":"https:\/\/api.w.org\/{rel}","templated":true}]}}