{"id":307,"date":"2018-01-18T16:09:23","date_gmt":"2018-01-18T16:09:23","guid":{"rendered":"http:\/\/www.groupehage.bf\/?post_type=product&#038;p=307"},"modified":"2018-01-18T16:09:23","modified_gmt":"2018-01-18T16:09:23","slug":"climatiseurs-de-type-cassette","status":"publish","type":"product","link":"https:\/\/www.groupehage.bf\/?product=climatiseurs-de-type-cassette","title":{"rendered":"Climatiseurs de type cassette"},"content":{"rendered":"<p><strong>Qu\u2019est-ce qu\u2019un climatiseur cassette ?<\/strong><\/p>\n<p>Un climatiseur cassette est en fait un climatiseur split dont l\u2019unit\u00e9 int\u00e9rieure est pr\u00e9vue pour \u00eatre encastr\u00e9e dans un plafond. Il existe des cassettes \u00e0 1, 2 ou 4 voies ou sorties d\u2019air. La cassette occupe g\u00e9n\u00e9ralement l\u2019emplacement d\u2019une dalle de faux-plafond de 60&#215;60 cm. Seule la grille d\u2019habillage est visible.\nLe climatiseur cassette est \u00e9galement \u00e9quip\u00e9 d\u2019une unit\u00e9 ext\u00e9rieure et se d\u00e9cline en version r\u00e9versible comme un climatiseur fixe classique. Son design mince et compact le rend tr\u00e8s discret et lui permet de s\u2019int\u00e9grer parfaitement \u00e0 la d\u00e9coration de votre int\u00e9rieur. Certains mod\u00e8les font moins de 20 cm d\u2019\u00e9paisseur. Le climatiseur cassette permet \u00e9galement comme tout autre climatiseur de d\u00e9shumidifier et de purifier l\u2019air en retenant les poussi\u00e8res et les acariens.<\/p>\n","protected":false},"excerpt":{"rendered":"<p>Le climatiseur cassette est un climatiseur split dont l\u2019unit\u00e9 int\u00e9rieure s\u2019ins\u00e8re directement dans un faux-plafond. Il est tr\u00e8s discret et permet de climatiser des surfaces allant de 40 \u00e0 150 m2. Il est id\u00e9al pour les magasins et les bureaux. Le climatiseur cassette est presque toujours r\u00e9versible pour assurer un confort thermique optimal.<\/p>\n","protected":false},"featured_media":0,"comment_status":"open","ping_status":"closed","template":"","meta":[],"product_brand":[],"product_cat":[31],"product_tag":[],"class_list":{"0":"post-307","1":"product","2":"type-product","3":"status-publish","5":"product_cat-climatiseur","7":"first","8":"instock","9":"shipping-taxable","10":"product-type-simple"},"_links":{"self":[{"href":"https:\/\/www.groupehage.bf\/index.php?rest_route=\/wp\/v2\/product\/307","targetHints":{"allow":["GET"]}}],"collection":[{"href":"https:\/\/www.groupehage.bf\/index.php?rest_route=\/wp\/v2\/product"}],"about":[{"href":"https:\/\/www.groupehage.bf\/index.php?rest_route=\/wp\/v2\/types\/product"}],"replies":[{"embeddable":true,"href":"https:\/\/www.groupehage.bf\/index.php?rest_route=%2Fwp%2Fv2%2Fcomments&post=307"}],"version-history":[{"count":0,"href":"https:\/\/www.groupehage.bf\/index.php?rest_route=\/wp\/v2\/product\/307\/revisions"}],"wp:attachment":[{"href":"https:\/\/www.groupehage.bf\/index.php?rest_route=%2Fwp%2Fv2%2Fmedia&parent=307"}],"wp:term":[{"taxonomy":"product_brand","embeddable":true,"href":"https:\/\/www.groupehage.bf\/index.php?rest_route=%2Fwp%2Fv2%2Fproduct_brand&post=307"},{"taxonomy":"product_cat","embeddable":true,"href":"https:\/\/www.groupehage.bf\/index.php?rest_route=%2Fwp%2Fv2%2Fproduct_cat&post=307"},{"taxonomy":"product_tag","embeddable":true,"href":"https:\/\/www.groupehage.bf\/index.php?rest_route=%2Fwp%2Fv2%2Fproduct_tag&post=307"}],"curies":[{"name":"wp","href":"https:\/\/api.w.org\/{rel}","templated":true}]}}